{"id":1018,"date":"2016-12-17T10:20:01","date_gmt":"2016-12-17T10:20:01","guid":{"rendered":"http:\/\/witoldgromowski.com\/?page_id=1018"},"modified":"2025-08-19T19:41:15","modified_gmt":"2025-08-19T19:41:15","slug":"sochaczew","status":"publish","type":"page","link":"https:\/\/witoldgromowski.com\/index.php\/sochaczew\/","title":{"rendered":"Sochaczew"},"content":{"rendered":"<p>Taekwondo Gromowski Sochaczew zaj\u0119cia sportowe dla dzieci, m\u0142odzie\u017cy oraz doros\u0142ych<\/p>\n<ul>\n<li>miejsce: Hala Sportowa ul. Chopina 101<\/li>\n<li>g\u0142\u00f3wny instruktor prowadz\u0105cy: <a href=\"http:\/\/witoldgromowski.com\/index.php\/damian_gromowski_torun_taekwondo\/\">Jakub Gromowski V dan<\/a><\/li>\n<li>kontakt: <span id=\"cloak28682\"><a href=\"mailto:damian@wtioldgromowski.com\">jakub@witoldgromowski.com<\/a><\/span>\u00a0 tel. 698 818 962<\/li>\n<li>nr rachunku bankowego: 48 1240 1079 1111 0011 1928 0312<\/li>\n<li>dane do wp\u0142at: TKD Jakub Gromowski\u00a0 \u00a0Burkat 141, 13-200 Dzia\u0142dowo<\/li>\n<li>tytu\u0142 wp\u0142aty: Imi\u0119 i nazwisko trenuj\u0105cego, Sochaczew, miesi\u0105c i rok<\/li>\n<\/ul>\n<p><strong>Godziny zaj\u0119\u0107<\/strong>:<\/p>\n<div dir=\"auto\">Wtorek:<\/div>\n<div dir=\"auto\">Grupa przedszkolna <strong>(4-7 lat): 17:00-17:50<\/strong><\/div>\n<div dir=\"auto\"><\/div>\n<div dir=\"auto\">Grupa wczesnoszkolna <strong>(8-12 lat): 17:50-18:50<\/strong><\/div>\n<div dir=\"auto\"><\/div>\n<div dir=\"auto\">Grupa m\u0142odzie\u017c i doro\u015bli <strong>(od 13 lat): 18:50-20:00<\/strong><\/div>\n<div dir=\"auto\"><\/div>\n<div dir=\"auto\">Pi\u0105tek:<\/div>\n<div dir=\"auto\">Grupa przedszkolna<strong> (4-7 lat): 16:00-16:50<\/strong><\/div>\n<div dir=\"auto\"><\/div>\n<div dir=\"auto\">Grupa wczesnoszkolna <strong>(8-12 lat): 16:50-17:50<\/strong><\/div>\n<div dir=\"auto\"><\/div>\n<div dir=\"auto\">Grupa m\u0142odzie\u017c i doro\u015bli <strong>(od 13 lat): 17:50-19:00<\/strong><\/div>\n","protected":false},"excerpt":{"rendered":"<p>Taekwondo Gromowski Sochaczew zaj\u0119cia sportowe dla dzieci, m\u0142odzie\u017cy oraz doros\u0142ych miejsce: Hala Sportowa ul. Chopina 101 g\u0142\u00f3wny instruktor prowadz\u0105cy: Jakub Gromowski V dan kontakt: jakub@witoldgromowski.com\u00a0 tel. 698 818 962 nr rachunku bankowego: 48 1240 1079 1111 0011 1928 0312 dane do wp\u0142at: TKD Jakub Gromowski\u00a0 \u00a0Burkat 141, 13-200 Dzia\u0142dowo tytu\u0142 wp\u0142aty: Imi\u0119 i nazwisko trenuj\u0105cego, &hellip; <\/p>\n<p class=\"link-more\"><a href=\"https:\/\/witoldgromowski.com\/index.php\/sochaczew\/\" class=\"more-link\">Czytaj dalej<span class=\"screen-reader-text\"> Sochaczew<\/span><\/a><\/p>\n","protected":false},"author":1,"featured_media":0,"parent":0,"menu_order":0,"comment_status":"closed","ping_status":"closed","template":"","meta":{"footnotes":""},"class_list":["post-1018","page","type-page","status-publish","hentry"],"_links":{"self":[{"href":"https:\/\/witoldgromowski.com\/index.php\/wp-json\/wp\/v2\/pages\/1018","targetHints":{"allow":["GET"]}}],"collection":[{"href":"https:\/\/witoldgromowski.com\/index.php\/wp-json\/wp\/v2\/pages"}],"about":[{"href":"https:\/\/witoldgromowski.com\/index.php\/wp-json\/wp\/v2\/types\/page"}],"author":[{"embeddable":true,"href":"https:\/\/witoldgromowski.com\/index.php\/wp-json\/wp\/v2\/users\/1"}],"replies":[{"embeddable":true,"href":"https:\/\/witoldgromowski.com\/index.php\/wp-json\/wp\/v2\/comments?post=1018"}],"version-history":[{"count":31,"href":"https:\/\/witoldgromowski.com\/index.php\/wp-json\/wp\/v2\/pages\/1018\/revisions"}],"predecessor-version":[{"id":1843,"href":"https:\/\/witoldgromowski.com\/index.php\/wp-json\/wp\/v2\/pages\/1018\/revisions\/1843"}],"wp:attachment":[{"href":"https:\/\/witoldgromowski.com\/index.php\/wp-json\/wp\/v2\/media?parent=1018"}],"curies":[{"name":"wp","href":"https:\/\/api.w.org\/{rel}","templated":true}]}}