{"id":113,"date":"2015-10-02T01:21:27","date_gmt":"2015-10-02T01:21:27","guid":{"rendered":"http:\/\/witoldgromowski.com\/?page_id=113"},"modified":"2017-11-22T11:57:24","modified_gmt":"2017-11-22T11:57:24","slug":"stopnie-cupdan","status":"publish","type":"page","link":"https:\/\/witoldgromowski.com\/index.php\/stopnie-cupdan\/","title":{"rendered":"Stopnie cup\/dan"},"content":{"rendered":"<h3>Stopnie cup\/dan w Taekwondo<\/h3>\n<p>&nbsp;<\/p>\n<p><strong>Cup Jedo<\/strong><br \/>\nW Taekwon-do tradycyjnym wyr\u00f3\u017cnia si\u0119 stopnie uczniowskie, tzw. &#8220;CUP&#8221; oraz mistrzowskie, tzw. &#8220;DAN&#8221;. Stopniom CUP przypisany jest konkretny kolor i symbolika zwi\u0105zana z rozwojem umiej\u0119tno\u015bci adepta, jego drog\u0105 w Taekwon-do. Pomi\u0119dzy pasami kolorowymi wyst\u0119puj\u0105 pasy z belkami, s\u0105 one stopniami przej\u015bciowymi. Adept posiada umiej\u0119tno\u015bci wy\u017csze od noszonego aktualnie pasa, ale nie jest jeszcze gotowy do egzaminu na pas w kolejnym kolorze. W czasie egzaminu obowi\u0105zuj\u0105 umiej\u0119tno\u015bci i wiedza na stopie\u0144 zdawany oraz wcze\u015bniejsze.<br \/>\n<a href=\"http:\/\/witoldgromowski.com\/wp-content\/uploads\/2015\/10\/Stopnie-Taekwondo-Gromowski.jpg\"><img loading=\"lazy\" decoding=\"async\" class=\"size-full wp-image-1076 alignright\" src=\"http:\/\/witoldgromowski.com\/wp-content\/uploads\/2015\/10\/Stopnie-Taekwondo-Gromowski.jpg\" alt=\"Stopnie Taekwondo Gromowski\" width=\"320\" height=\"421\" srcset=\"https:\/\/witoldgromowski.com\/wp-content\/uploads\/2015\/10\/Stopnie-Taekwondo-Gromowski.jpg 320w, https:\/\/witoldgromowski.com\/wp-content\/uploads\/2015\/10\/Stopnie-Taekwondo-Gromowski-228x300.jpg 228w\" sizes=\"auto, (max-width: 320px) 100vw, 320px\" \/><\/a><\/p>\n<p><strong>Bia\u0142y pas &#8211; Hyin Ti.<\/strong><br \/>\nSymbolik\u0105 stopnia i koloru pasa jest niewinno\u015b\u0107, pocz\u0105tek drogi, ma\u0142a wiedza w Taekwon-do.<\/p>\n<p><strong>\u017b\u00f3\u0142ty pas &#8211; Noran Ti.<\/strong><br \/>\nSymbolik\u0105 stopnia i koloru pasa jest ziemia, w kt\u00f3r\u0105 sadzi si\u0119 ziarenko jako pocz\u0105tek wzrostu ro\u015bliny. Wiedza adepta ugruntowuje si\u0119 niczym ro\u015blina zapuszczaj\u0105ca korzenie.<\/p>\n<p><strong>Zielony pas &#8211; Churok Ti.<\/strong><br \/>\nSymbolik\u0105 stopnia i koloru pasa jest szybki wzrost ro\u015bliny (wypuszczanie li\u015bci) tak, jak szybko rosn\u0105 umiej\u0119tno\u015bci adepta.<\/p>\n<p><strong>Niebieski pas &#8211; Purun Ti.<\/strong><br \/>\nSymbolik\u0105 pasa i koloru jest niebo, do kt\u00f3rego d\u0105\u017cy wzrastaj\u0105ca ro\u015blina. Umiej\u0119tno\u015bci adepta s\u0105 ju\u017c bardzo wysokie, a techniki przez niego wykonywane coraz trudniejsze.<\/p>\n<p><strong>Czerwony pas &#8211; Balgan Ti.<\/strong><br \/>\nSymbolik\u0105 stopnia i koloru pasa jest ogie\u0144 &#8211; niebezpiecze\u0144stwo. Adept posiada ju\u017c bardzo du\u017cy zas\u00f3b technik, jego pas jest znakiem ostrzegawczym dla potencjalnego przeciwnika.<\/p>\n<p><strong>Czarny pas &#8211; Gamjong Ti.<\/strong><\/p>\n<p>Stopnie mistrzowskie DAN s\u0105 podzielone na trzy grupy g\u0142\u00f3wne i jedn\u0105 grup\u0119 nadrz\u0119dn\u0105:<\/p>\n<p>\u2013 1. \u2013 3.Dan, tzw. BOOSABUM \u2013 asystent instruktora,<br \/>\n\u2013 4. \u2013 6.Dan, tzw. SABUM \u2013 instruktor,<br \/>\n\u2013 7. \u2013 8.Dan, tzw. SAHYUN \u2013 mistrz,<br \/>\n\u2013 9.Dan, tzw. SASUNG \u2013 wielki mistrz.<\/p>\n<p>Na stopnie od 1. do 6. Dan przyst\u0119puje si\u0119 do egzamin\u00f3w, natomiast stopnie 7. \u2013 9. Dan s\u0105 nadawane instruktorom w spos\u00f3b honorowy za dzia\u0142alno\u015b\u0107 treningow\u0105, promocyjn\u0105 i wychowawcz\u0105.<\/p>\n<p>Stopnie mistrzowskie charakteryzuj\u0105 si\u0119 kolorem czarnym, kt\u00f3ry symbolizuje odwrotno\u015b\u0107 do pasa bia\u0142ego. Zatem dojrza\u0142o\u015b\u0107, bardzo du\u017c\u0105 wiedz\u0119 o Taekwon-do, brak strachu przed \u201eciemno\u015bci\u0105\u201d, z\u0142em \u015bwiata.<\/p>\n<p>Wyr\u00f3\u017cnia si\u0119 stopnie mistrzowskie m\u0142odzie\u017cowe gdzie pas posiada bia\u0142\u0105 belk\u0119.<\/p>\n<p>&nbsp;<\/p>\n","protected":false},"excerpt":{"rendered":"<p>Stopnie cup\/dan w Taekwondo &nbsp; Cup Jedo W Taekwon-do tradycyjnym wyr\u00f3\u017cnia si\u0119 stopnie uczniowskie, tzw. &#8220;CUP&#8221; oraz mistrzowskie, tzw. &#8220;DAN&#8221;. Stopniom CUP przypisany jest konkretny kolor i symbolika zwi\u0105zana z rozwojem umiej\u0119tno\u015bci adepta, jego drog\u0105 w Taekwon-do. Pomi\u0119dzy pasami kolorowymi wyst\u0119puj\u0105 pasy z belkami, s\u0105 one stopniami przej\u015bciowymi. Adept posiada umiej\u0119tno\u015bci wy\u017csze od noszonego aktualnie &hellip; <\/p>\n<p class=\"link-more\"><a href=\"https:\/\/witoldgromowski.com\/index.php\/stopnie-cupdan\/\" class=\"more-link\">Czytaj dalej<span class=\"screen-reader-text\"> Stopnie cup\/dan<\/span><\/a><\/p>\n","protected":false},"author":1,"featured_media":0,"parent":0,"menu_order":0,"comment_status":"closed","ping_status":"closed","template":"template-fullwidth.php","meta":{"footnotes":""},"class_list":["post-113","page","type-page","status-publish","hentry"],"_links":{"self":[{"href":"https:\/\/witoldgromowski.com\/index.php\/wp-json\/wp\/v2\/pages\/113","targetHints":{"allow":["GET"]}}],"collection":[{"href":"https:\/\/witoldgromowski.com\/index.php\/wp-json\/wp\/v2\/pages"}],"about":[{"href":"https:\/\/witoldgromowski.com\/index.php\/wp-json\/wp\/v2\/types\/page"}],"author":[{"embeddable":true,"href":"https:\/\/witoldgromowski.com\/index.php\/wp-json\/wp\/v2\/users\/1"}],"replies":[{"embeddable":true,"href":"https:\/\/witoldgromowski.com\/index.php\/wp-json\/wp\/v2\/comments?post=113"}],"version-history":[{"count":9,"href":"https:\/\/witoldgromowski.com\/index.php\/wp-json\/wp\/v2\/pages\/113\/revisions"}],"predecessor-version":[{"id":1268,"href":"https:\/\/witoldgromowski.com\/index.php\/wp-json\/wp\/v2\/pages\/113\/revisions\/1268"}],"wp:attachment":[{"href":"https:\/\/witoldgromowski.com\/index.php\/wp-json\/wp\/v2\/media?parent=113"}],"curies":[{"name":"wp","href":"https:\/\/api.w.org\/{rel}","templated":true}]}}