{"id":1341,"date":"2018-08-22T14:18:02","date_gmt":"2018-08-22T14:18:02","guid":{"rendered":"http:\/\/witoldgromowski.com\/?page_id=1341"},"modified":"2024-08-26T09:57:09","modified_gmt":"2024-08-26T09:57:09","slug":"dabrowno","status":"publish","type":"page","link":"https:\/\/witoldgromowski.com\/index.php\/dabrowno\/","title":{"rendered":"D\u0105br\u00f3wno"},"content":{"rendered":"<p>Taekwondo Gromowski D\u0105br\u00f3wno<\/p>\n<ul>\n<li>\u00a0 miejsce :\u00a0 Hala sportowa ul. Ostr\u00f3dzka 12, 14-120 D\u0105br\u00f3wno<\/li>\n<li>g\u0142\u00f3wny instruktor prowadz\u0105cy: Marta Kaczmarczyk 4 dan<span id=\"cloak45109\"><a href=\"mailto:monika@witoldgromowski.com\"><br \/><\/a><\/span>\u00a0<\/li>\n<\/ul>\n\n\n<p><strong>Godziny zaj\u0119\u0107<\/strong>:<\/p>\n\n\n\n<ul class=\"wp-block-list\"><li>grupa m\u0142odsza 4-10 lat <br>pi\u0105tek godzina 17:00 &#8211; 18:00<br><\/li><li>grupa starsza 11+<br>pi\u0105tek godzina 18:00 &#8211; 19:15<\/li><\/ul>\n\n\n\n<p><\/p>\n","protected":false},"excerpt":{"rendered":"<p>Taekwondo Gromowski D\u0105br\u00f3wno \u00a0 miejsce :\u00a0 Hala sportowa ul. Ostr\u00f3dzka 12, 14-120 D\u0105br\u00f3wno g\u0142\u00f3wny instruktor prowadz\u0105cy: Marta Kaczmarczyk 4 dan\u00a0 Godziny zaj\u0119\u0107: grupa m\u0142odsza 4-10 lat pi\u0105tek godzina 17:00 &#8211; 18:00 grupa starsza 11+pi\u0105tek godzina 18:00 &#8211; 19:15<\/p>\n","protected":false},"author":1,"featured_media":0,"parent":0,"menu_order":0,"comment_status":"closed","ping_status":"closed","template":"","meta":{"footnotes":""},"class_list":["post-1341","page","type-page","status-publish","hentry"],"_links":{"self":[{"href":"https:\/\/witoldgromowski.com\/index.php\/wp-json\/wp\/v2\/pages\/1341","targetHints":{"allow":["GET"]}}],"collection":[{"href":"https:\/\/witoldgromowski.com\/index.php\/wp-json\/wp\/v2\/pages"}],"about":[{"href":"https:\/\/witoldgromowski.com\/index.php\/wp-json\/wp\/v2\/types\/page"}],"author":[{"embeddable":true,"href":"https:\/\/witoldgromowski.com\/index.php\/wp-json\/wp\/v2\/users\/1"}],"replies":[{"embeddable":true,"href":"https:\/\/witoldgromowski.com\/index.php\/wp-json\/wp\/v2\/comments?post=1341"}],"version-history":[{"count":14,"href":"https:\/\/witoldgromowski.com\/index.php\/wp-json\/wp\/v2\/pages\/1341\/revisions"}],"predecessor-version":[{"id":1828,"href":"https:\/\/witoldgromowski.com\/index.php\/wp-json\/wp\/v2\/pages\/1341\/revisions\/1828"}],"wp:attachment":[{"href":"https:\/\/witoldgromowski.com\/index.php\/wp-json\/wp\/v2\/media?parent=1341"}],"curies":[{"name":"wp","href":"https:\/\/api.w.org\/{rel}","templated":true}]}}