{"id":1392,"date":"2018-10-11T09:54:52","date_gmt":"2018-10-11T09:54:52","guid":{"rendered":"http:\/\/witoldgromowski.com\/?page_id=1392"},"modified":"2025-08-26T14:25:47","modified_gmt":"2025-08-26T14:25:47","slug":"golub-dobrzyn","status":"publish","type":"page","link":"https:\/\/witoldgromowski.com\/index.php\/golub-dobrzyn\/","title":{"rendered":"Lubawa"},"content":{"rendered":"<ul>\n<li>miejsce: Centrum rekreacyjno- sportowe Hullo<\/li>\n<li>Fijewo 85 A 14-260 Lubawa<\/li>\n<li>g\u0142\u00f3wny instruktor prowadz\u0105cy: Bartosz Doda 4 dan .<\/li>\n<\/ul>\n<p><strong>Godziny zaj\u0119\u0107<\/strong>:<\/p>\n<ul>\n<li>grupa m\u0142odsza\u00a0 4 -10 lat<strong><br \/>\n<\/strong><\/li>\n<\/ul>\n<p>Poniedzia\u0142ek, godz. <strong>18:00 &#8211; 19: 10<\/strong><\/p>\n<ul>\n<li>grupa starsza\u00a0 \u2013 od 11 lat<strong><br \/>\n<\/strong><\/li>\n<\/ul>\n<p>Poniedzia\u0142ek, godz. <strong>18:00 &#8211;\u00a0 19:30<br \/>\n<\/strong><\/p>\n","protected":false},"excerpt":{"rendered":"<p>miejsce: Centrum rekreacyjno- sportowe Hullo Fijewo 85 A 14-260 Lubawa g\u0142\u00f3wny instruktor prowadz\u0105cy: Bartosz Doda 4 dan . Godziny zaj\u0119\u0107: grupa m\u0142odsza\u00a0 4 -10 lat Poniedzia\u0142ek, godz. 18:00 &#8211; 19: 10 grupa starsza\u00a0 \u2013 od 11 lat Poniedzia\u0142ek, godz. 18:00 &#8211;\u00a0 19:30<\/p>\n","protected":false},"author":1,"featured_media":0,"parent":0,"menu_order":0,"comment_status":"closed","ping_status":"closed","template":"","meta":{"footnotes":""},"class_list":["post-1392","page","type-page","status-publish","hentry"],"_links":{"self":[{"href":"https:\/\/witoldgromowski.com\/index.php\/wp-json\/wp\/v2\/pages\/1392","targetHints":{"allow":["GET"]}}],"collection":[{"href":"https:\/\/witoldgromowski.com\/index.php\/wp-json\/wp\/v2\/pages"}],"about":[{"href":"https:\/\/witoldgromowski.com\/index.php\/wp-json\/wp\/v2\/types\/page"}],"author":[{"embeddable":true,"href":"https:\/\/witoldgromowski.com\/index.php\/wp-json\/wp\/v2\/users\/1"}],"replies":[{"embeddable":true,"href":"https:\/\/witoldgromowski.com\/index.php\/wp-json\/wp\/v2\/comments?post=1392"}],"version-history":[{"count":12,"href":"https:\/\/witoldgromowski.com\/index.php\/wp-json\/wp\/v2\/pages\/1392\/revisions"}],"predecessor-version":[{"id":1984,"href":"https:\/\/witoldgromowski.com\/index.php\/wp-json\/wp\/v2\/pages\/1392\/revisions\/1984"}],"wp:attachment":[{"href":"https:\/\/witoldgromowski.com\/index.php\/wp-json\/wp\/v2\/media?parent=1392"}],"curies":[{"name":"wp","href":"https:\/\/api.w.org\/{rel}","templated":true}]}}