{"id":143,"date":"2015-10-02T01:28:46","date_gmt":"2015-10-02T01:28:46","guid":{"rendered":"http:\/\/witoldgromowski.com\/?page_id=143"},"modified":"2015-10-02T01:28:46","modified_gmt":"2015-10-02T01:28:46","slug":"kultura-moralna-taekwon-do-jungshin-sooyang","status":"publish","type":"page","link":"https:\/\/witoldgromowski.com\/index.php\/kultura-moralna-taekwon-do-jungshin-sooyang\/","title":{"rendered":"Kultura moralna Taekwon-do &#8211; Jungshin Sooyang"},"content":{"rendered":"<p>Szerokie znaczenie i wielo\u015b\u0107 interpretacji, kt\u00f3re wi\u0105\u017c\u0105 si\u0119 z poj\u0119ciem &#8220;kultury moralnej&#8221; cz\u0119sto sprawiaj\u0105, \u017ce trudno poj\u0105\u0107 jego istot\u0119 ludziom kultury zachodniej, poniewa\u017c jest to punkt widzenia specyficzny dla narod\u00f3w kultury wschodniej. Celem takiego podej\u015bcia jest stawanie si\u0119 przyk\u0142adem dla innych os\u00f3b, tak jak np. Konfucjusz (552-479 pne).<\/p>\n<p>By m\u00f3c sta\u0107 si\u0119 takim cz\u0142owiekiem, trzeba \u201eodnale\u017a\u0107 siebie&#8221; nabywaj\u0105c charakteru moralnego szanowanego przez wszystkich. Mo\u017ce to by\u0107 osi\u0105gni\u0119te jedynie poprzez sta\u0142\u0105 praktyk\u0119 dyscypliny umys\u0142owej. Zatem, gdy sytuacja tego wymaga, osoba taka mo\u017ce pom\u00f3c w budowaniu idealnego spo\u0142ecze\u0144stwa np. poprzez doradztwo rz\u0105dowi. Wp\u0142yw tej osoby na og\u00f3\u0142 spo\u0142eczny trwa nawet po jej \u015bmierci.<\/p>\n<p>Konfucjusz powiedzia\u0142: &#8220;\u017ceby promowa\u0107 poczucie moralno\u015bci trzeba traktowa\u0107 innych z wierno\u015bci\u0105\/lojalno\u015bci\u0105 i szczero\u015bci\u0105 w oparciu o sprawiedliwo\u015b\u0107, ca\u0142kowicie eliminuj\u0105c b\u0142\u0119dne my\u015blenie&#8221;.<\/p>\n<p>W Taekwon-do du\u017cy nacisk k\u0142adzie si\u0119 na nauk\u0119 kultury moralnej, gdy\u017c promuje ona nie tylko zdrowe cia\u0142o i umys\u0142, ale tak\u017ce odpowiedni\u0105 postaw\u0119 sportow\u0105 i moraln\u0105 wobec spo\u0142ecze\u0144stwa.<\/p>\n","protected":false},"excerpt":{"rendered":"<p>Szerokie znaczenie i wielo\u015b\u0107 interpretacji, kt\u00f3re wi\u0105\u017c\u0105 si\u0119 z poj\u0119ciem &#8220;kultury moralnej&#8221; cz\u0119sto sprawiaj\u0105, \u017ce trudno poj\u0105\u0107 jego istot\u0119 ludziom kultury zachodniej, poniewa\u017c jest to punkt widzenia specyficzny dla narod\u00f3w kultury wschodniej. Celem takiego podej\u015bcia jest stawanie si\u0119 przyk\u0142adem dla innych os\u00f3b, tak jak np. Konfucjusz (552-479 pne). By m\u00f3c sta\u0107 si\u0119 takim cz\u0142owiekiem, trzeba &hellip; <\/p>\n<p class=\"link-more\"><a href=\"https:\/\/witoldgromowski.com\/index.php\/kultura-moralna-taekwon-do-jungshin-sooyang\/\" class=\"more-link\">Czytaj dalej<span class=\"screen-reader-text\"> Kultura moralna Taekwon-do &#8211; Jungshin Sooyang<\/span><\/a><\/p>\n","protected":false},"author":1,"featured_media":0,"parent":0,"menu_order":0,"comment_status":"closed","ping_status":"closed","template":"template-fullwidth.php","meta":{"footnotes":""},"class_list":["post-143","page","type-page","status-publish","hentry"],"_links":{"self":[{"href":"https:\/\/witoldgromowski.com\/index.php\/wp-json\/wp\/v2\/pages\/143","targetHints":{"allow":["GET"]}}],"collection":[{"href":"https:\/\/witoldgromowski.com\/index.php\/wp-json\/wp\/v2\/pages"}],"about":[{"href":"https:\/\/witoldgromowski.com\/index.php\/wp-json\/wp\/v2\/types\/page"}],"author":[{"embeddable":true,"href":"https:\/\/witoldgromowski.com\/index.php\/wp-json\/wp\/v2\/users\/1"}],"replies":[{"embeddable":true,"href":"https:\/\/witoldgromowski.com\/index.php\/wp-json\/wp\/v2\/comments?post=143"}],"version-history":[{"count":1,"href":"https:\/\/witoldgromowski.com\/index.php\/wp-json\/wp\/v2\/pages\/143\/revisions"}],"predecessor-version":[{"id":144,"href":"https:\/\/witoldgromowski.com\/index.php\/wp-json\/wp\/v2\/pages\/143\/revisions\/144"}],"wp:attachment":[{"href":"https:\/\/witoldgromowski.com\/index.php\/wp-json\/wp\/v2\/media?parent=143"}],"curies":[{"name":"wp","href":"https:\/\/api.w.org\/{rel}","templated":true}]}}