{"id":145,"date":"2015-10-02T01:29:27","date_gmt":"2015-10-02T01:29:27","guid":{"rendered":"http:\/\/witoldgromowski.com\/?page_id=145"},"modified":"2015-10-02T01:29:27","modified_gmt":"2015-10-02T01:29:27","slug":"etykieta-sali-do-jang-ye-jol","status":"publish","type":"page","link":"https:\/\/witoldgromowski.com\/index.php\/etykieta-sali-do-jang-ye-jol\/","title":{"rendered":"Etykieta sali &#8211; Do Jang Ye Jol"},"content":{"rendered":"<p><strong>Do Jang<\/strong> \u2013\u00a0sala treningowa jest miejscem otwartym dla ka\u017cdego, bez wzgl\u0119du na jego wiek, p\u0142e\u0107, ras\u0119, czy wyznanie. Jest miejscem s\u0142u\u017c\u0105cym podnoszeniu duchowej, moralnej i kulturowej wiedzy oraz sprawno\u015bci fizycznej.<\/p>\n<p>Obowi\u0105zuje na niej nast\u0119puj\u0105cy regulamin:<\/p>\n<ol>\n<li>zakaz palenia tytoniu,<\/li>\n<li>unikanie nieuzasadnionych rozm\u00f3w,<\/li>\n<li>zakaz spo\u017cywania napoj\u00f3w alkoholowych, bezalkoholowych oraz \u017cywno\u015bci,<\/li>\n<li>zakaz noszenia obuwia,<\/li>\n<li>zakaz wykonywania \u0107wicze\u0144 technicznych bez pozwolenia instruktora.<\/li>\n<\/ol>\n<p>Zasady obowi\u0105zuj\u0105ce w momencie wej\u015bcia na sal\u0119 treningow\u0105 \u0142\u0105cz\u0105 si\u0119 nierozerwalnie z reszt\u0105 podanych. Nale\u017cy wykona\u0107 uk\u0142on (<strong>Kyong Gye<\/strong>) w drzwiach podczas wchodzenia i wychodzenia z sali, ka\u017cdemu \u0107wicz\u0105cemu posiadaj\u0105cemu wy\u017cszy stopie\u0144 (<strong>Sonbe Nim<\/strong>) nale\u017cy okaza\u0107 szacunek poprzez wykonanie uk\u0142onu, nie wolno stawa\u0107 ty\u0142em do instruktora, nie nale\u017cy wykonywa\u0107 \u0107wicze\u0144 bez wyra\u017anie wydanej komendy, nie nale\u017cy spo\u017cywa\u0107 posi\u0142k\u00f3w, ani napoj\u00f3w, nie wolno rozmawia\u0107.<\/p>\n","protected":false},"excerpt":{"rendered":"<p>Do Jang \u2013\u00a0sala treningowa jest miejscem otwartym dla ka\u017cdego, bez wzgl\u0119du na jego wiek, p\u0142e\u0107, ras\u0119, czy wyznanie. Jest miejscem s\u0142u\u017c\u0105cym podnoszeniu duchowej, moralnej i kulturowej wiedzy oraz sprawno\u015bci fizycznej. Obowi\u0105zuje na niej nast\u0119puj\u0105cy regulamin: zakaz palenia tytoniu, unikanie nieuzasadnionych rozm\u00f3w, zakaz spo\u017cywania napoj\u00f3w alkoholowych, bezalkoholowych oraz \u017cywno\u015bci, zakaz noszenia obuwia, zakaz wykonywania \u0107wicze\u0144 technicznych &hellip; <\/p>\n<p class=\"link-more\"><a href=\"https:\/\/witoldgromowski.com\/index.php\/etykieta-sali-do-jang-ye-jol\/\" class=\"more-link\">Czytaj dalej<span class=\"screen-reader-text\"> Etykieta sali &#8211; Do Jang Ye Jol<\/span><\/a><\/p>\n","protected":false},"author":1,"featured_media":0,"parent":0,"menu_order":0,"comment_status":"closed","ping_status":"closed","template":"template-fullwidth.php","meta":{"footnotes":""},"class_list":["post-145","page","type-page","status-publish","hentry"],"_links":{"self":[{"href":"https:\/\/witoldgromowski.com\/index.php\/wp-json\/wp\/v2\/pages\/145","targetHints":{"allow":["GET"]}}],"collection":[{"href":"https:\/\/witoldgromowski.com\/index.php\/wp-json\/wp\/v2\/pages"}],"about":[{"href":"https:\/\/witoldgromowski.com\/index.php\/wp-json\/wp\/v2\/types\/page"}],"author":[{"embeddable":true,"href":"https:\/\/witoldgromowski.com\/index.php\/wp-json\/wp\/v2\/users\/1"}],"replies":[{"embeddable":true,"href":"https:\/\/witoldgromowski.com\/index.php\/wp-json\/wp\/v2\/comments?post=145"}],"version-history":[{"count":1,"href":"https:\/\/witoldgromowski.com\/index.php\/wp-json\/wp\/v2\/pages\/145\/revisions"}],"predecessor-version":[{"id":146,"href":"https:\/\/witoldgromowski.com\/index.php\/wp-json\/wp\/v2\/pages\/145\/revisions\/146"}],"wp:attachment":[{"href":"https:\/\/witoldgromowski.com\/index.php\/wp-json\/wp\/v2\/media?parent=145"}],"curies":[{"name":"wp","href":"https:\/\/api.w.org\/{rel}","templated":true}]}}