{"id":147,"date":"2015-10-02T01:30:15","date_gmt":"2015-10-02T01:30:15","guid":{"rendered":"http:\/\/witoldgromowski.com\/?page_id=147"},"modified":"2017-11-22T11:55:47","modified_gmt":"2017-11-22T11:55:47","slug":"relacja-uczen-instruktor-sajeji-do","status":"publish","type":"page","link":"https:\/\/witoldgromowski.com\/index.php\/relacja-uczen-instruktor-sajeji-do\/","title":{"rendered":"Relacja ucze\u0144 &#8211; Instruktor &#8211; Sajeji Do"},"content":{"rendered":"<p>Wywodzi si\u0119 z z tradycyjnych, zakorzenionych g\u0142\u0119boko we wsp\u00f3\u0142czesnej Korei nauk Konfucjusza, uwa\u017canego tam za wz\u00f3r pos\u0142usze\u0144stwa oraz lojalno\u015bci.<br \/>\nDzi\u0119ki tradycji konfucja\u0144skiej Korea\u0144czycy nauczeni s\u0105 g\u0142\u0119bokiego poczucia szacunku wobec swoich nauczycieli. Stare korea\u0144skie powiedzenie m\u00f3wi: \u201e<em>Ojciec i matka s\u0105 rodzicami, kt\u00f3rzy mnie wychowuj\u0105 podczas gdy nauczyciel jest rodzicem, kt\u00f3ry mnie kszta\u0142ci<\/em>&#8220;.<br \/>\nDlatego w\u0142a\u015bnie od adepta wymaga si\u0119 okazywania swojemu nauczycielowi &#8211; trenerowi tak du\u017cego szacunku, jaki ma do rodzic\u00f3w. Z kolei nauczyciel jest zobowi\u0105zany do nauczania adepta sztuki \u201edobrego \u017cycia&#8221;, tzn. tego, by dziecko sta\u0142o si\u0119 osob\u0105 o charakterze zgodnym z \u017cyczeniami rodzic\u00f3w, ale i \u017cyj\u0105c\u0105 zgodnie z zasadami spo\u0142ecznymi. Odpowiedzialno\u015b\u0107 nauczania studenta jest najwa\u017cniejszym zadaniem nauczyciela\/mistrza i polega na wykszta\u0142ceniu w nim mocnych zasad moralnych oraz si\u0142y i sprawno\u015bci fizycznej.<br \/>\nBardzo wa\u017cn\u0105 zasad\u0105 w tej relacji jest zasada szacunku do swojego mistrza. Niezale\u017cnie od relacji prywatnych ze swoim mistrzem, nale\u017cy mu si\u0119 g\u0142\u0119boki i szczery szacunek zar\u00f3wno w czasie treningu jak i poza nim.<\/p>\n","protected":false},"excerpt":{"rendered":"<p>Wywodzi si\u0119 z z tradycyjnych, zakorzenionych g\u0142\u0119boko we wsp\u00f3\u0142czesnej Korei nauk Konfucjusza, uwa\u017canego tam za wz\u00f3r pos\u0142usze\u0144stwa oraz lojalno\u015bci. Dzi\u0119ki tradycji konfucja\u0144skiej Korea\u0144czycy nauczeni s\u0105 g\u0142\u0119bokiego poczucia szacunku wobec swoich nauczycieli. Stare korea\u0144skie powiedzenie m\u00f3wi: \u201eOjciec i matka s\u0105 rodzicami, kt\u00f3rzy mnie wychowuj\u0105 podczas gdy nauczyciel jest rodzicem, kt\u00f3ry mnie kszta\u0142ci&#8220;. Dlatego w\u0142a\u015bnie od adepta &hellip; <\/p>\n<p class=\"link-more\"><a href=\"https:\/\/witoldgromowski.com\/index.php\/relacja-uczen-instruktor-sajeji-do\/\" class=\"more-link\">Czytaj dalej<span class=\"screen-reader-text\"> Relacja ucze\u0144 &#8211; Instruktor &#8211; Sajeji Do<\/span><\/a><\/p>\n","protected":false},"author":1,"featured_media":0,"parent":0,"menu_order":0,"comment_status":"closed","ping_status":"closed","template":"template-fullwidth.php","meta":{"footnotes":""},"class_list":["post-147","page","type-page","status-publish","hentry"],"_links":{"self":[{"href":"https:\/\/witoldgromowski.com\/index.php\/wp-json\/wp\/v2\/pages\/147","targetHints":{"allow":["GET"]}}],"collection":[{"href":"https:\/\/witoldgromowski.com\/index.php\/wp-json\/wp\/v2\/pages"}],"about":[{"href":"https:\/\/witoldgromowski.com\/index.php\/wp-json\/wp\/v2\/types\/page"}],"author":[{"embeddable":true,"href":"https:\/\/witoldgromowski.com\/index.php\/wp-json\/wp\/v2\/users\/1"}],"replies":[{"embeddable":true,"href":"https:\/\/witoldgromowski.com\/index.php\/wp-json\/wp\/v2\/comments?post=147"}],"version-history":[{"count":1,"href":"https:\/\/witoldgromowski.com\/index.php\/wp-json\/wp\/v2\/pages\/147\/revisions"}],"predecessor-version":[{"id":148,"href":"https:\/\/witoldgromowski.com\/index.php\/wp-json\/wp\/v2\/pages\/147\/revisions\/148"}],"wp:attachment":[{"href":"https:\/\/witoldgromowski.com\/index.php\/wp-json\/wp\/v2\/media?parent=147"}],"curies":[{"name":"wp","href":"https:\/\/api.w.org\/{rel}","templated":true}]}}