{"id":149,"date":"2015-10-02T01:30:41","date_gmt":"2015-10-02T01:30:41","guid":{"rendered":"http:\/\/witoldgromowski.com\/?page_id=149"},"modified":"2015-10-02T01:30:41","modified_gmt":"2015-10-02T01:30:41","slug":"przysiega-adepta-taekwon-do-sonso","status":"publish","type":"page","link":"https:\/\/witoldgromowski.com\/index.php\/przysiega-adepta-taekwon-do-sonso\/","title":{"rendered":"Przysi\u0119ga adepta Taekwon-do &#8211; Sonso"},"content":{"rendered":"<p>Odwo\u0142uj\u0105c si\u0119 do zasad moralnych Taekwon-do pami\u0119ta\u0107 nale\u017cy o s\u0142owach przysi\u0119gi Taekwon-do:<\/p>\n<ol>\n<li>B\u0119d\u0119 przestrzega\u0142 zasad Taekwon-do,<\/li>\n<li>B\u0119d\u0119 szanowa\u0142 instruktora i starszych stopniem,<\/li>\n<li>Nie b\u0119d\u0119 nadu\u017cywa\u0142 technik Taekwon-do,<\/li>\n<li>B\u0119d\u0119 wspiera\u0142 wolno\u015b\u0107 i sprawiedliwo\u015b\u0107,<\/li>\n<li>B\u0119d\u0119 wspiera\u0142 pok\u00f3j (B\u0119d\u0119 rzecznikiem pokoju na \u015bwiecie),<\/li>\n<\/ol>\n<p>od kt\u00f3rej powinien zaczyna\u0107 si\u0119 ka\u017cdy trening, egzamin czy te\u017c seminarium treningowe. Sama ju\u017c przysi\u0119ga jest zobowi\u0105zaniem dla ka\u017cdego Taekwondoki do wej\u015bcia na drog\u0119 doskonalenia swojej osoby w sferze mentalnej.<\/p>\n","protected":false},"excerpt":{"rendered":"<p>Odwo\u0142uj\u0105c si\u0119 do zasad moralnych Taekwon-do pami\u0119ta\u0107 nale\u017cy o s\u0142owach przysi\u0119gi Taekwon-do: B\u0119d\u0119 przestrzega\u0142 zasad Taekwon-do, B\u0119d\u0119 szanowa\u0142 instruktora i starszych stopniem, Nie b\u0119d\u0119 nadu\u017cywa\u0142 technik Taekwon-do, B\u0119d\u0119 wspiera\u0142 wolno\u015b\u0107 i sprawiedliwo\u015b\u0107, B\u0119d\u0119 wspiera\u0142 pok\u00f3j (B\u0119d\u0119 rzecznikiem pokoju na \u015bwiecie), od kt\u00f3rej powinien zaczyna\u0107 si\u0119 ka\u017cdy trening, egzamin czy te\u017c seminarium treningowe. Sama ju\u017c przysi\u0119ga &hellip; <\/p>\n<p class=\"link-more\"><a href=\"https:\/\/witoldgromowski.com\/index.php\/przysiega-adepta-taekwon-do-sonso\/\" class=\"more-link\">Czytaj dalej<span class=\"screen-reader-text\"> Przysi\u0119ga adepta Taekwon-do &#8211; Sonso<\/span><\/a><\/p>\n","protected":false},"author":1,"featured_media":0,"parent":0,"menu_order":0,"comment_status":"closed","ping_status":"closed","template":"template-fullwidth.php","meta":{"footnotes":""},"class_list":["post-149","page","type-page","status-publish","hentry"],"_links":{"self":[{"href":"https:\/\/witoldgromowski.com\/index.php\/wp-json\/wp\/v2\/pages\/149","targetHints":{"allow":["GET"]}}],"collection":[{"href":"https:\/\/witoldgromowski.com\/index.php\/wp-json\/wp\/v2\/pages"}],"about":[{"href":"https:\/\/witoldgromowski.com\/index.php\/wp-json\/wp\/v2\/types\/page"}],"author":[{"embeddable":true,"href":"https:\/\/witoldgromowski.com\/index.php\/wp-json\/wp\/v2\/users\/1"}],"replies":[{"embeddable":true,"href":"https:\/\/witoldgromowski.com\/index.php\/wp-json\/wp\/v2\/comments?post=149"}],"version-history":[{"count":1,"href":"https:\/\/witoldgromowski.com\/index.php\/wp-json\/wp\/v2\/pages\/149\/revisions"}],"predecessor-version":[{"id":150,"href":"https:\/\/witoldgromowski.com\/index.php\/wp-json\/wp\/v2\/pages\/149\/revisions\/150"}],"wp:attachment":[{"href":"https:\/\/witoldgromowski.com\/index.php\/wp-json\/wp\/v2\/media?parent=149"}],"curies":[{"name":"wp","href":"https:\/\/api.w.org\/{rel}","templated":true}]}}