{"id":151,"date":"2015-10-02T01:31:47","date_gmt":"2015-10-02T01:31:47","guid":{"rendered":"http:\/\/witoldgromowski.com\/?page_id=151"},"modified":"2017-11-22T12:15:40","modified_gmt":"2017-11-22T12:15:40","slug":"zasady-taekwon-do-taekwon-do-jungshin","status":"publish","type":"page","link":"https:\/\/witoldgromowski.com\/index.php\/zasady-taekwon-do-taekwon-do-jungshin\/","title":{"rendered":"Zasady Taekwon-do &#8211; Taekwon-do Jungshin"},"content":{"rendered":"<p>Taekwon-do jest cz\u0119sto definiowane jako sztuka dyscyplinowania umys\u0142u poprzez narzucanie dyscypliny organizmowi.<\/p>\n<p>Korea\u0144czycy z genera\u0142em Choi Hong Hi na czele chc\u0105c utrwali\u0107 tradycje narodu odwo\u0142ali si\u0119 do historycznych wzor\u00f3w post\u0119powania i wychowania. Na podstawie przepis\u00f3w zachowania i cn\u00f3t wyznawanych przez <strong>Hwarang<\/strong> (\u201ekwiat m\u0142odo\u015bci&#8221;) &#8211; organizacj\u0119 rycersk\u0105 s\u0142u\u017c\u0105c\u0105 jednemu z trzech historycznych pa\u0144stw Korei \u2013 Kr\u00f3lestwu Silla, stworzyli fundamentalne regu\u0142y. Hwarang wyznawali nast\u0119puj\u0105ce zasady:<\/p>\n<ol>\n<li>B\u0105d\u017a lojalny wobec ojczyzny,<\/li>\n<li>B\u0105d\u017a pos\u0142uszny rodzicom,<\/li>\n<li>B\u0105d\u017a honorowy wobec przyjaci\u00f3\u0142,<\/li>\n<li>Odwa\u017cnie zwalczaj wrog\u00f3w,<\/li>\n<li>Nie pozbawiaj \u017cycia bez powodu.<\/li>\n<\/ol>\n<p>Oraz cnoty, takie jak: humanitaryzm, sprawiedliwo\u015b\u0107, uprzejmo\u015b\u0107, m\u0105dro\u015b\u0107, wiar\u0119, dobro\u0107, prawdom\u00f3wno\u015b\u0107, lojalno\u015b\u0107, odwag\u0119.<\/p>\n<p>Na ich podstawie oparte s\u0105<strong> fundamentalne zasady Taekwon-do<\/strong>, tj.<\/p>\n<ol>\n<li>grzeczno\u015b\u0107, uprzejmo\u015b\u0107 (<strong>Ye Ui<\/strong>),<\/li>\n<li>rzetelno\u015b\u0107, uczciwo\u015b\u0107 (<strong>Yom Chi<\/strong>),<\/li>\n<li>wytrwa\u0142o\u015b\u0107 (<strong>In Nae<\/strong>),<\/li>\n<li>samokontrola, opanowanie (<strong>Guk Gi<\/strong>),<\/li>\n<li>nieugi\u0119ty duch, odwaga (<strong>Baekjul Boolgool<\/strong>).<\/li>\n<\/ol>\n<p>Hwarang zbli\u017cone by\u0142o w swej ideologii i celach do do japo\u0144skiej kasty samuraj\u00f3w; ich kodeks honorowy podobny do japo\u0144skiego kodeksu Samuraj\u00f3w Bushido nazywa\u0142 si\u0119 Hwarangdo. Cz\u0142onkowie korpusu nauczani byli sztuki wojennej, wiary buddyjskiej oraz zasad kultury i dobrego wychowania. Rycerze Hwarang liczyli sobie zaledwie 14-16 lat, ale s\u0142ynni byli ze swej odwagi i waleczno\u015bci.<\/p>\n","protected":false},"excerpt":{"rendered":"<p>Taekwon-do jest cz\u0119sto definiowane jako sztuka dyscyplinowania umys\u0142u poprzez narzucanie dyscypliny organizmowi. Korea\u0144czycy z genera\u0142em Choi Hong Hi na czele chc\u0105c utrwali\u0107 tradycje narodu odwo\u0142ali si\u0119 do historycznych wzor\u00f3w post\u0119powania i wychowania. Na podstawie przepis\u00f3w zachowania i cn\u00f3t wyznawanych przez Hwarang (\u201ekwiat m\u0142odo\u015bci&#8221;) &#8211; organizacj\u0119 rycersk\u0105 s\u0142u\u017c\u0105c\u0105 jednemu z trzech historycznych pa\u0144stw Korei \u2013 Kr\u00f3lestwu &hellip; <\/p>\n<p class=\"link-more\"><a href=\"https:\/\/witoldgromowski.com\/index.php\/zasady-taekwon-do-taekwon-do-jungshin\/\" class=\"more-link\">Czytaj dalej<span class=\"screen-reader-text\"> Zasady Taekwon-do &#8211; Taekwon-do Jungshin<\/span><\/a><\/p>\n","protected":false},"author":1,"featured_media":0,"parent":0,"menu_order":0,"comment_status":"closed","ping_status":"closed","template":"template-fullwidth.php","meta":{"footnotes":""},"class_list":["post-151","page","type-page","status-publish","hentry"],"_links":{"self":[{"href":"https:\/\/witoldgromowski.com\/index.php\/wp-json\/wp\/v2\/pages\/151","targetHints":{"allow":["GET"]}}],"collection":[{"href":"https:\/\/witoldgromowski.com\/index.php\/wp-json\/wp\/v2\/pages"}],"about":[{"href":"https:\/\/witoldgromowski.com\/index.php\/wp-json\/wp\/v2\/types\/page"}],"author":[{"embeddable":true,"href":"https:\/\/witoldgromowski.com\/index.php\/wp-json\/wp\/v2\/users\/1"}],"replies":[{"embeddable":true,"href":"https:\/\/witoldgromowski.com\/index.php\/wp-json\/wp\/v2\/comments?post=151"}],"version-history":[{"count":1,"href":"https:\/\/witoldgromowski.com\/index.php\/wp-json\/wp\/v2\/pages\/151\/revisions"}],"predecessor-version":[{"id":152,"href":"https:\/\/witoldgromowski.com\/index.php\/wp-json\/wp\/v2\/pages\/151\/revisions\/152"}],"wp:attachment":[{"href":"https:\/\/witoldgromowski.com\/index.php\/wp-json\/wp\/v2\/media?parent=151"}],"curies":[{"name":"wp","href":"https:\/\/api.w.org\/{rel}","templated":true}]}}