{"id":164,"date":"2015-10-02T02:05:18","date_gmt":"2015-10-02T02:05:18","guid":{"rendered":"http:\/\/witoldgromowski.com\/?page_id=164"},"modified":"2025-08-19T21:00:07","modified_gmt":"2025-08-19T21:00:07","slug":"kontakt","status":"publish","type":"page","link":"https:\/\/witoldgromowski.com\/index.php\/kontakt\/","title":{"rendered":"Kontakt"},"content":{"rendered":"\n<figure class=\"wp-block-gallery has-nested-images columns-default is-cropped wp-block-gallery-1 is-layout-flex wp-block-gallery-is-layout-flex\">\n<figure class=\"wp-block-image size-large is-style-default\"><a href=\"http:\/\/witoldgromowski.com\/wp-content\/uploads\/2025\/08\/tata-e1755634947423.png\"><img loading=\"lazy\" decoding=\"async\" width=\"371\" height=\"444\" data-id=\"1914\" src=\"http:\/\/witoldgromowski.com\/wp-content\/uploads\/2025\/08\/tata-e1755634947423.png\" alt=\"\" class=\"wp-image-1914\" srcset=\"https:\/\/witoldgromowski.com\/wp-content\/uploads\/2025\/08\/tata-e1755634947423.png 371w, https:\/\/witoldgromowski.com\/wp-content\/uploads\/2025\/08\/tata-e1755634947423-251x300.png 251w\" sizes=\"auto, (max-width: 371px) 100vw, 371px\" \/><\/a><\/figure>\n\n\n\n<figure class=\"wp-block-image size-large\"><a href=\"http:\/\/witoldgromowski.com\/wp-content\/uploads\/2025\/08\/462551018_1104889637933457_4951501752531015264_n-e1755635055868.jpg\"><img loading=\"lazy\" decoding=\"async\" width=\"853\" height=\"1024\" data-id=\"1915\" src=\"http:\/\/witoldgromowski.com\/wp-content\/uploads\/2025\/08\/462551018_1104889637933457_4951501752531015264_n-e1755635055868-853x1024.jpg\" alt=\"\" class=\"wp-image-1915\" srcset=\"https:\/\/witoldgromowski.com\/wp-content\/uploads\/2025\/08\/462551018_1104889637933457_4951501752531015264_n-e1755635055868-853x1024.jpg 853w, https:\/\/witoldgromowski.com\/wp-content\/uploads\/2025\/08\/462551018_1104889637933457_4951501752531015264_n-e1755635055868-250x300.jpg 250w, https:\/\/witoldgromowski.com\/wp-content\/uploads\/2025\/08\/462551018_1104889637933457_4951501752531015264_n-e1755635055868-768x922.jpg 768w, https:\/\/witoldgromowski.com\/wp-content\/uploads\/2025\/08\/462551018_1104889637933457_4951501752531015264_n-e1755635055868-1279x1536.jpg 1279w, https:\/\/witoldgromowski.com\/wp-content\/uploads\/2025\/08\/462551018_1104889637933457_4951501752531015264_n-e1755635055868.jpg 1534w\" sizes=\"auto, (max-width: 767px) 89vw, (max-width: 1000px) 54vw, (max-width: 1071px) 543px, 580px\" \/><\/a><\/figure>\n<\/figure>\n\n\n\n<figure class=\"wp-block-table\"><table class=\"has-fixed-layout\"><tbody><tr><td class=\"has-text-align-center\" data-align=\"center\"><strong>Witold Gromowski <\/strong><br><strong>VIII DAN <\/strong><\/td><td class=\"has-text-align-center\" data-align=\"center\"><strong>Jakub Gromowski<\/strong><br><strong> V DAN<\/strong><\/td><\/tr><tr><td class=\"has-text-align-center\" data-align=\"center\"><strong>Dzia\u0142dowo, M\u0142awa, Nidzica<\/strong><\/td><td class=\"has-text-align-center\" data-align=\"center\"><strong>Sochaczew, Pruszk\u00f3w, Otr\u0119busy, \u015alad\u00f3w<\/strong><\/td><\/tr><tr><td class=\"has-text-align-center\" data-align=\"center\">tel: 608-326-823<br> mail: info@witoldgromowski.com<br><a href=\"https:\/\/www.facebook.com\/TaekwondoWitoldGromowski\" data-type=\"link\" data-id=\"https:\/\/www.facebook.com\/TaekwondoWitoldGromowski\">FB<\/a><\/td><td class=\"has-text-align-center\" data-align=\"center\">tel: 698-818-962 <br>mail: jakub@witoldgromowski.com<br><a href=\"https:\/\/www.facebook.com\/TaekwondoGromowskiMazovia\/\" data-type=\"link\" data-id=\"https:\/\/www.facebook.com\/TaekwondoGromowskiMazovia\/\">FB<\/a><\/td><\/tr><\/tbody><\/table><\/figure>\n\n\n\n<p><\/p>\n","protected":false},"excerpt":{"rendered":"<p>Witold Gromowski VIII DAN Jakub Gromowski V DAN Dzia\u0142dowo, M\u0142awa, Nidzica Sochaczew, Pruszk\u00f3w, Otr\u0119busy, \u015alad\u00f3w tel: 608-326-823 mail: info@witoldgromowski.comFB tel: 698-818-962 mail: jakub@witoldgromowski.comFB<\/p>\n","protected":false},"author":1,"featured_media":0,"parent":0,"menu_order":0,"comment_status":"closed","ping_status":"closed","template":"","meta":{"footnotes":""},"class_list":["post-164","page","type-page","status-publish","hentry"],"_links":{"self":[{"href":"https:\/\/witoldgromowski.com\/index.php\/wp-json\/wp\/v2\/pages\/164","targetHints":{"allow":["GET"]}}],"collection":[{"href":"https:\/\/witoldgromowski.com\/index.php\/wp-json\/wp\/v2\/pages"}],"about":[{"href":"https:\/\/witoldgromowski.com\/index.php\/wp-json\/wp\/v2\/types\/page"}],"author":[{"embeddable":true,"href":"https:\/\/witoldgromowski.com\/index.php\/wp-json\/wp\/v2\/users\/1"}],"replies":[{"embeddable":true,"href":"https:\/\/witoldgromowski.com\/index.php\/wp-json\/wp\/v2\/comments?post=164"}],"version-history":[{"count":35,"href":"https:\/\/witoldgromowski.com\/index.php\/wp-json\/wp\/v2\/pages\/164\/revisions"}],"predecessor-version":[{"id":1941,"href":"https:\/\/witoldgromowski.com\/index.php\/wp-json\/wp\/v2\/pages\/164\/revisions\/1941"}],"wp:attachment":[{"href":"https:\/\/witoldgromowski.com\/index.php\/wp-json\/wp\/v2\/media?parent=164"}],"curies":[{"name":"wp","href":"https:\/\/api.w.org\/{rel}","templated":true}]}}