{"id":1752,"date":"2023-08-31T12:41:33","date_gmt":"2023-08-31T12:41:33","guid":{"rendered":"http:\/\/witoldgromowski.com\/?page_id=1752"},"modified":"2024-09-07T15:58:33","modified_gmt":"2024-09-07T15:58:33","slug":"otrebusy","status":"publish","type":"page","link":"https:\/\/witoldgromowski.com\/index.php\/otrebusy\/","title":{"rendered":"Otr\u0119busy"},"content":{"rendered":"\n<p>Takewondo Gromowski Otr\u0119busy zaj\u0119cia dla dzieci oraz m\u0142odzie\u017cy<br><\/p>\n\n\n\n<ul class=\"wp-block-list\"><li>miejsce:&nbsp;sala nr 29 w nowej cz\u0119\u015bci szko\u0142y, Piaseckiego 2, 05-805 Otr\u0119busy <\/li><li>g\u0142\u00f3wny instruktor prowadz\u0105cy: Jakub Gromowski V DAN<\/li><li>kontakt:&nbsp; jakub@witoldgromowski.com<\/li><li>tel. 698818962<\/li><li> nr rachunku bankowego&nbsp;48 1240 1079 1111 0011 1928 0312<\/li><li>dane do wp\u0142at: TKD Jakub Gromowski &nbsp;Burkat 141 13-200 Dzia\u0142dowo<\/li><li>tytu\u0142 wp\u0142aty: Imi\u0119 i nazwisko trenuj\u0105cego, Otr\u0119busy, miesi\u0105c i rok <\/li><\/ul>\n\n\n\n<p>Godziny zaj\u0119\u0107:<br>\u015aroda:<br>Grupa przedszkolna (4-8 lat): 17:00-17:50<br>Grupa m\u0142odzie\u017cowa (od 9 lat): 18:00-19:00<\/p>\n","protected":false},"excerpt":{"rendered":"<p>Takewondo Gromowski Otr\u0119busy zaj\u0119cia dla dzieci oraz m\u0142odzie\u017cy miejsce:&nbsp;sala nr 29 w nowej cz\u0119\u015bci szko\u0142y, Piaseckiego 2, 05-805 Otr\u0119busy g\u0142\u00f3wny instruktor prowadz\u0105cy: Jakub Gromowski V DAN kontakt:&nbsp; jakub@witoldgromowski.com tel. 698818962 nr rachunku bankowego&nbsp;48 1240 1079 1111 0011 1928 0312 dane do wp\u0142at: TKD Jakub Gromowski &nbsp;Burkat 141 13-200 Dzia\u0142dowo tytu\u0142 wp\u0142aty: Imi\u0119 i nazwisko trenuj\u0105cego, &hellip; <\/p>\n<p class=\"link-more\"><a href=\"https:\/\/witoldgromowski.com\/index.php\/otrebusy\/\" class=\"more-link\">Czytaj dalej<span class=\"screen-reader-text\"> Otr\u0119busy<\/span><\/a><\/p>\n","protected":false},"author":1,"featured_media":0,"parent":0,"menu_order":0,"comment_status":"closed","ping_status":"closed","template":"","meta":{"footnotes":""},"class_list":["post-1752","page","type-page","status-publish","hentry"],"_links":{"self":[{"href":"https:\/\/witoldgromowski.com\/index.php\/wp-json\/wp\/v2\/pages\/1752","targetHints":{"allow":["GET"]}}],"collection":[{"href":"https:\/\/witoldgromowski.com\/index.php\/wp-json\/wp\/v2\/pages"}],"about":[{"href":"https:\/\/witoldgromowski.com\/index.php\/wp-json\/wp\/v2\/types\/page"}],"author":[{"embeddable":true,"href":"https:\/\/witoldgromowski.com\/index.php\/wp-json\/wp\/v2\/users\/1"}],"replies":[{"embeddable":true,"href":"https:\/\/witoldgromowski.com\/index.php\/wp-json\/wp\/v2\/comments?post=1752"}],"version-history":[{"count":6,"href":"https:\/\/witoldgromowski.com\/index.php\/wp-json\/wp\/v2\/pages\/1752\/revisions"}],"predecessor-version":[{"id":1842,"href":"https:\/\/witoldgromowski.com\/index.php\/wp-json\/wp\/v2\/pages\/1752\/revisions\/1842"}],"wp:attachment":[{"href":"https:\/\/witoldgromowski.com\/index.php\/wp-json\/wp\/v2\/media?parent=1752"}],"curies":[{"name":"wp","href":"https:\/\/api.w.org\/{rel}","templated":true}]}}