{"id":1837,"date":"2024-09-07T15:55:58","date_gmt":"2024-09-07T15:55:58","guid":{"rendered":"http:\/\/witoldgromowski.com\/?page_id=1837"},"modified":"2025-08-21T09:29:05","modified_gmt":"2025-08-21T09:29:05","slug":"ostroda","status":"publish","type":"page","link":"https:\/\/witoldgromowski.com\/index.php\/ostroda\/","title":{"rendered":"Ostr\u00f3da"},"content":{"rendered":"\n<p>Taekwondo Gromowski zaj\u0119cia sportowe dla dzieci oraz doros\u0142ych<\/p>\n\n\n\n<ul class=\"wp-block-list\">\n<li>miejsce: sala gimnastyczna szko\u0142y podstawowej nr 5 ul. Plebiscytowa 50<\/li>\n\n\n\n<li>g\u0142\u00f3wny instruktor prowadz\u0105cy: Bartosz Doda IV dan<\/li>\n\n\n\n<li>kontakt: info@witoldgromowski.com tel. 608-326-823<\/li>\n<\/ul>\n\n\n\n<p>Godziny zaj\u0119\u0107:<\/p>\n\n\n\n<p>-grupa m\u0142odsza &#8211; od 7 do 11 lat<\/p>\n\n\n\n<p>Wtorek, godz. 17:30-18:40<\/p>\n\n\n\n<p>Czwartek, godz. 17:30-18:40<\/p>\n\n\n\n<p>-grupa starsza &#8211; od 12 lat&nbsp;<\/p>\n\n\n\n<p>Wtorek, godz. 18:40-20:00<\/p>\n\n\n\n<p>Czwartek, godz. 18:40-20:00<\/p>\n","protected":false},"excerpt":{"rendered":"<p>Taekwondo Gromowski zaj\u0119cia sportowe dla dzieci oraz doros\u0142ych Godziny zaj\u0119\u0107: -grupa m\u0142odsza &#8211; od 7 do 11 lat Wtorek, godz. 17:30-18:40 Czwartek, godz. 17:30-18:40 -grupa starsza &#8211; od 12 lat&nbsp; Wtorek, godz. 18:40-20:00 Czwartek, godz. 18:40-20:00<\/p>\n","protected":false},"author":1,"featured_media":0,"parent":0,"menu_order":0,"comment_status":"closed","ping_status":"closed","template":"","meta":{"footnotes":""},"class_list":["post-1837","page","type-page","status-publish","hentry"],"_links":{"self":[{"href":"https:\/\/witoldgromowski.com\/index.php\/wp-json\/wp\/v2\/pages\/1837","targetHints":{"allow":["GET"]}}],"collection":[{"href":"https:\/\/witoldgromowski.com\/index.php\/wp-json\/wp\/v2\/pages"}],"about":[{"href":"https:\/\/witoldgromowski.com\/index.php\/wp-json\/wp\/v2\/types\/page"}],"author":[{"embeddable":true,"href":"https:\/\/witoldgromowski.com\/index.php\/wp-json\/wp\/v2\/users\/1"}],"replies":[{"embeddable":true,"href":"https:\/\/witoldgromowski.com\/index.php\/wp-json\/wp\/v2\/comments?post=1837"}],"version-history":[{"count":2,"href":"https:\/\/witoldgromowski.com\/index.php\/wp-json\/wp\/v2\/pages\/1837\/revisions"}],"predecessor-version":[{"id":1963,"href":"https:\/\/witoldgromowski.com\/index.php\/wp-json\/wp\/v2\/pages\/1837\/revisions\/1963"}],"wp:attachment":[{"href":"https:\/\/witoldgromowski.com\/index.php\/wp-json\/wp\/v2\/media?parent=1837"}],"curies":[{"name":"wp","href":"https:\/\/api.w.org\/{rel}","templated":true}]}}