{"id":1902,"date":"2025-08-19T19:34:13","date_gmt":"2025-08-19T19:34:13","guid":{"rendered":"https:\/\/witoldgromowski.com\/?page_id=1902"},"modified":"2025-08-19T19:34:14","modified_gmt":"2025-08-19T19:34:14","slug":"sladow","status":"publish","type":"page","link":"https:\/\/witoldgromowski.com\/index.php\/sladow\/","title":{"rendered":"\u015alad\u00f3w"},"content":{"rendered":"\n<p>Taekwondo Gromowski \u015alad\u00f3w zaj\u0119cia sportowe dla dzieci, m\u0142odzie\u017cy oraz doros\u0142ych<\/p>\n\n\n\n<ul class=\"wp-block-list\">\n<li>miejsce: 05-088 Broch\u00f3w ul. \u015alad\u00f3w 101<\/li>\n\n\n\n<li>g\u0142\u00f3wny instruktor prowadz\u0105cy:\u00a0<a href=\"https:\/\/witoldgromowski.com\/index.php\/damian_gromowski_torun_taekwondo\/\">Jakub Gromowski V dan<\/a><\/li>\n\n\n\n<li>kontakt:\u00a0<a href=\"mailto:damian@wtioldgromowski.com\">jakub@witoldgromowski.com<\/a>\u00a0 tel. 698 818 962<\/li>\n\n\n\n<li>nr rachunku bankowego: 48 1240 1079 1111 0011 1928 0312<\/li>\n\n\n\n<li>dane do wp\u0142at: TKD Jakub Gromowski, Burkat 141, 13-200 Dzia\u0142dowo<\/li>\n\n\n\n<li>tytu\u0142 wp\u0142aty: Imi\u0119 i nazwisko trenuj\u0105cego, \u015alad\u00f3w, miesi\u0105c i rok<\/li>\n<\/ul>\n\n\n\n<p><strong>Godziny zaj\u0119\u0107<\/strong>:<\/p>\n\n\n\n<p><strong>Pi\u0105tek:<\/strong><\/p>\n\n\n\n<p>Klasy 0-3: <strong>12:30-13:30<\/strong><\/p>\n\n\n\n<p>Klasy 4-8: <strong>13:30-14:30<\/strong><\/p>\n\n\n\n<p><\/p>\n\n\n\n<p><\/p>\n\n\n\n<p><\/p>\n\n\n\n<p><\/p>\n","protected":false},"excerpt":{"rendered":"<p>Taekwondo Gromowski \u015alad\u00f3w zaj\u0119cia sportowe dla dzieci, m\u0142odzie\u017cy oraz doros\u0142ych Godziny zaj\u0119\u0107: Pi\u0105tek: Klasy 0-3: 12:30-13:30 Klasy 4-8: 13:30-14:30<\/p>\n","protected":false},"author":1,"featured_media":0,"parent":0,"menu_order":0,"comment_status":"closed","ping_status":"closed","template":"","meta":{"footnotes":""},"class_list":["post-1902","page","type-page","status-publish","hentry"],"_links":{"self":[{"href":"https:\/\/witoldgromowski.com\/index.php\/wp-json\/wp\/v2\/pages\/1902","targetHints":{"allow":["GET"]}}],"collection":[{"href":"https:\/\/witoldgromowski.com\/index.php\/wp-json\/wp\/v2\/pages"}],"about":[{"href":"https:\/\/witoldgromowski.com\/index.php\/wp-json\/wp\/v2\/types\/page"}],"author":[{"embeddable":true,"href":"https:\/\/witoldgromowski.com\/index.php\/wp-json\/wp\/v2\/users\/1"}],"replies":[{"embeddable":true,"href":"https:\/\/witoldgromowski.com\/index.php\/wp-json\/wp\/v2\/comments?post=1902"}],"version-history":[{"count":1,"href":"https:\/\/witoldgromowski.com\/index.php\/wp-json\/wp\/v2\/pages\/1902\/revisions"}],"predecessor-version":[{"id":1903,"href":"https:\/\/witoldgromowski.com\/index.php\/wp-json\/wp\/v2\/pages\/1902\/revisions\/1903"}],"wp:attachment":[{"href":"https:\/\/witoldgromowski.com\/index.php\/wp-json\/wp\/v2\/media?parent=1902"}],"curies":[{"name":"wp","href":"https:\/\/api.w.org\/{rel}","templated":true}]}}