{"id":1964,"date":"2025-08-21T11:22:51","date_gmt":"2025-08-21T11:22:51","guid":{"rendered":"https:\/\/witoldgromowski.com\/?page_id=1964"},"modified":"2025-08-21T11:22:52","modified_gmt":"2025-08-21T11:22:52","slug":"grudusk","status":"publish","type":"page","link":"https:\/\/witoldgromowski.com\/index.php\/grudusk\/","title":{"rendered":"Grudusk"},"content":{"rendered":"\n<ul class=\"wp-block-list\">\n<li>miejsce: Gminny O\u015brodek Kultury i Sportu w Grudusku<\/li>\n\n\n\n<li>g\u0142\u00f3wny instruktor prowadz\u0105cy: Monika Szpakut<\/li>\n\n\n\n<li>kontakt:\u00a0tel. 502-186-545<\/li>\n<\/ul>\n\n\n\n<p><strong>Godziny zaj\u0119\u0107<\/strong>:<\/p>\n\n\n\n<ul class=\"wp-block-list\">\n<li>Grupa przedszkolna i wczesnoszkolna (od 5 do 8 lat): \u015aroda, godz. 16:30 &#8211; 17:30 <\/li>\n\n\n\n<li>Grupa szkolna (od 9 do 14 lat): \u015aroda, godz. 17:30 &#8211; 18:45 <\/li>\n\n\n\n<li>Grupa m\u0142odzie\u017cy i doros\u0142ych (od 15 lat) \u015aroda, godz. 19:00 &#8211; 20:15<\/li>\n<\/ul>\n\n\n\n<p><\/p>\n","protected":false},"excerpt":{"rendered":"<p>Godziny zaj\u0119\u0107:<\/p>\n","protected":false},"author":1,"featured_media":0,"parent":0,"menu_order":0,"comment_status":"closed","ping_status":"closed","template":"","meta":{"footnotes":""},"class_list":["post-1964","page","type-page","status-publish","hentry"],"_links":{"self":[{"href":"https:\/\/witoldgromowski.com\/index.php\/wp-json\/wp\/v2\/pages\/1964","targetHints":{"allow":["GET"]}}],"collection":[{"href":"https:\/\/witoldgromowski.com\/index.php\/wp-json\/wp\/v2\/pages"}],"about":[{"href":"https:\/\/witoldgromowski.com\/index.php\/wp-json\/wp\/v2\/types\/page"}],"author":[{"embeddable":true,"href":"https:\/\/witoldgromowski.com\/index.php\/wp-json\/wp\/v2\/users\/1"}],"replies":[{"embeddable":true,"href":"https:\/\/witoldgromowski.com\/index.php\/wp-json\/wp\/v2\/comments?post=1964"}],"version-history":[{"count":1,"href":"https:\/\/witoldgromowski.com\/index.php\/wp-json\/wp\/v2\/pages\/1964\/revisions"}],"predecessor-version":[{"id":1965,"href":"https:\/\/witoldgromowski.com\/index.php\/wp-json\/wp\/v2\/pages\/1964\/revisions\/1965"}],"wp:attachment":[{"href":"https:\/\/witoldgromowski.com\/index.php\/wp-json\/wp\/v2\/media?parent=1964"}],"curies":[{"name":"wp","href":"https:\/\/api.w.org\/{rel}","templated":true}]}}