{"id":20,"date":"2015-10-01T22:12:22","date_gmt":"2015-10-01T22:12:22","guid":{"rendered":"http:\/\/witoldgromowski.com\/?page_id=20"},"modified":"2025-10-07T09:26:00","modified_gmt":"2025-10-07T09:26:00","slug":"taekwondo-gromowski-dzialdowo-zajecia-sportowe-dla-dzieci-i-doroslych","status":"publish","type":"page","link":"https:\/\/witoldgromowski.com\/index.php\/taekwondo-gromowski-dzialdowo-zajecia-sportowe-dla-dzieci-i-doroslych\/","title":{"rendered":"Dzia\u0142dowo"},"content":{"rendered":"<p>Taekwondo Gromowski Dzia\u0142dowo zaj\u0119cia sportowe dla dzieci i doros\u0142ych<a href=\"http:\/\/witoldgromowski.com\/wp-content\/uploads\/2015\/10\/Taekwondo-Gromowski-Dzia\u0142dowo-zaj\u0119cia-sportowe-dla-dzieci-i-doros\u0142ych-e1472514833654.jpg\"><img loading=\"lazy\" decoding=\"async\" class=\"alignright wp-image-914 size-full\" title=\"Taekwondo Gromowski Dzia\u0142dowo zaj\u0119cia sportowe dla dzieci i doros\u0142ych\" src=\"http:\/\/witoldgromowski.com\/wp-content\/uploads\/2015\/10\/Taekwondo-Gromowski-Dzia\u0142dowo-zaj\u0119cia-sportowe-dla-dzieci-i-doros\u0142ych-e1472514833654.jpg\" alt=\"Taekwondo Gromowski Dzia\u0142dowo zaj\u0119cia sportowe dla dzieci i doros\u0142ych\" width=\"400\" height=\"268\" \/><\/a><\/p>\n<ul>\n<li>miejsce: Hala sportowa Gimnazjum nr 2, ul. Sportowa 1.<\/li>\n<li>g\u0142\u00f3wny instruktor prowadz\u0105cy: <a href=\"http:\/\/witoldgromowski.com\/index.php\/instruktorzy\/witold-gromowski-7-dan\" target=\"_blank\" rel=\"noopener noreferrer\">Witold Gromowski 8.Dan<\/a><\/li>\n<li>kontakt: <span id=\"cloak89158\"><a href=\"mailto:info@witoldgromowski.com\">info@witoldgromowski.com<\/a><\/span>\u00a0 tel. 608326823<\/li>\n<\/ul>\n<p><strong>Godziny zaj\u0119\u0107<\/strong>:<\/p>\n<ul>\n<li>grupa przedszkolna i wczesnoszkolna &#8211; Akademia Ruchu &#8211; <strong>od 4 do 7 lat<br \/>\n<\/strong> poniedzia\u0142ek, godz. <strong>17:30- 18:30<br \/>\n<\/strong>\u015broda, godz. <strong>17:30 &#8211; 18:30<br \/>\n<\/strong><\/li>\n<\/ul>\n<ul>\n<li>grupa szkolna &#8211; <strong>od 8 do 13 lat<br \/>\n<\/strong>poniedzia\u0142ek, godz. <strong>17:30- 18:45<br \/>\n<\/strong>\u015broda, godz. <strong>17:30 &#8211; 18:45<br \/>\n<\/strong><\/li>\n<\/ul>\n<ul>\n<li>grupa m\u0142odzie\u017cy i doros\u0142ych &#8211; <strong>od 14 lat<br \/>\n<\/strong>poniedzia\u0142ek, godz. <strong>18:45 &#8211; 20:00<br \/>\n<\/strong>\u015broda, godz. <strong>18:45 &#8211; 20:00<\/strong><\/li>\n<\/ul>\n","protected":false},"excerpt":{"rendered":"<p>Taekwondo Gromowski Dzia\u0142dowo zaj\u0119cia sportowe dla dzieci i doros\u0142ych miejsce: Hala sportowa Gimnazjum nr 2, ul. Sportowa 1. g\u0142\u00f3wny instruktor prowadz\u0105cy: Witold Gromowski 8.Dan kontakt: info@witoldgromowski.com\u00a0 tel. 608326823 Godziny zaj\u0119\u0107: grupa przedszkolna i wczesnoszkolna &#8211; Akademia Ruchu &#8211; od 4 do 7 lat poniedzia\u0142ek, godz. 17:30- 18:30 \u015broda, godz. 17:30 &#8211; 18:30 grupa szkolna &#8211; &hellip; <\/p>\n<p class=\"link-more\"><a href=\"https:\/\/witoldgromowski.com\/index.php\/taekwondo-gromowski-dzialdowo-zajecia-sportowe-dla-dzieci-i-doroslych\/\" class=\"more-link\">Czytaj dalej<span class=\"screen-reader-text\"> Dzia\u0142dowo<\/span><\/a><\/p>\n","protected":false},"author":1,"featured_media":0,"parent":0,"menu_order":0,"comment_status":"closed","ping_status":"closed","template":"","meta":{"footnotes":""},"class_list":["post-20","page","type-page","status-publish","hentry"],"_links":{"self":[{"href":"https:\/\/witoldgromowski.com\/index.php\/wp-json\/wp\/v2\/pages\/20","targetHints":{"allow":["GET"]}}],"collection":[{"href":"https:\/\/witoldgromowski.com\/index.php\/wp-json\/wp\/v2\/pages"}],"about":[{"href":"https:\/\/witoldgromowski.com\/index.php\/wp-json\/wp\/v2\/types\/page"}],"author":[{"embeddable":true,"href":"https:\/\/witoldgromowski.com\/index.php\/wp-json\/wp\/v2\/users\/1"}],"replies":[{"embeddable":true,"href":"https:\/\/witoldgromowski.com\/index.php\/wp-json\/wp\/v2\/comments?post=20"}],"version-history":[{"count":31,"href":"https:\/\/witoldgromowski.com\/index.php\/wp-json\/wp\/v2\/pages\/20\/revisions"}],"predecessor-version":[{"id":1996,"href":"https:\/\/witoldgromowski.com\/index.php\/wp-json\/wp\/v2\/pages\/20\/revisions\/1996"}],"wp:attachment":[{"href":"https:\/\/witoldgromowski.com\/index.php\/wp-json\/wp\/v2\/media?parent=20"}],"curies":[{"name":"wp","href":"https:\/\/api.w.org\/{rel}","templated":true}]}}