{"id":36,"date":"2015-10-01T22:15:59","date_gmt":"2015-10-01T22:15:59","guid":{"rendered":"http:\/\/witoldgromowski.com\/?page_id=36"},"modified":"2025-08-21T05:06:25","modified_gmt":"2025-08-21T05:06:25","slug":"chelmza-2","status":"publish","type":"page","link":"https:\/\/witoldgromowski.com\/index.php\/chelmza-2\/","title":{"rendered":"Brodnica"},"content":{"rendered":"<ul>\n<li>miejsce: ma\u0142a\u00a0 sala gimnastyczna I Liceum Og\u00f3lnokszta\u0142cz\u0105cego ul. Lidzbarska 14<\/li>\n<li>g\u0142\u00f3wny instruktor prowadz\u0105cy: Marta Kaczmarczyk 4 dan<\/li>\n<\/ul>\n<p><strong>Godziny zaj\u0119\u0107<\/strong>:<\/p>\n<ul>\n<li>grupa przedszkolna &#8211; Akademia Ruchu &#8211; <strong>od 4 do 7 lat<\/strong><\/li>\n<\/ul>\n<p>wtorek, godz. <strong>17:00 &#8211; 17:45<\/strong><br \/>\nczwartek , godz. <strong>17:00- 17:45<\/strong><\/p>\n<ul>\n<li>grupa wczesnoszkolna i szkolna &#8211; <strong>od 8 do 13 lat<\/strong><\/li>\n<\/ul>\n<p>wtorek, godz.\u00a0<strong> 17:45 &#8211; 18:45<\/strong><\/p>\n<p>czwartek, godz. <strong>17:45 &#8211; 18:45<\/strong><\/p>\n<ul>\n<li>grupa m\u0142odzie\u017cy i doros\u0142ych &#8211; <strong>od 14 lat<\/strong><\/li>\n<\/ul>\n<p>wtorek ,\u00a0 \u00a0 \u00a0godz. 18:45<strong> &#8211; 20:00<\/strong><br \/>\nczwartek, godz. 18<strong>:45\u00a0 &#8211; 20:00<\/strong><\/p>\n","protected":false},"excerpt":{"rendered":"<p>miejsce: ma\u0142a\u00a0 sala gimnastyczna I Liceum Og\u00f3lnokszta\u0142cz\u0105cego ul. Lidzbarska 14 g\u0142\u00f3wny instruktor prowadz\u0105cy: Marta Kaczmarczyk 4 dan Godziny zaj\u0119\u0107: grupa przedszkolna &#8211; Akademia Ruchu &#8211; od 4 do 7 lat wtorek, godz. 17:00 &#8211; 17:45 czwartek , godz. 17:00- 17:45 grupa wczesnoszkolna i szkolna &#8211; od 8 do 13 lat wtorek, godz.\u00a0 17:45 &#8211; 18:45 &hellip; <\/p>\n<p class=\"link-more\"><a href=\"https:\/\/witoldgromowski.com\/index.php\/chelmza-2\/\" class=\"more-link\">Czytaj dalej<span class=\"screen-reader-text\"> Brodnica<\/span><\/a><\/p>\n","protected":false},"author":1,"featured_media":0,"parent":0,"menu_order":0,"comment_status":"closed","ping_status":"closed","template":"","meta":{"footnotes":""},"class_list":["post-36","page","type-page","status-publish","hentry"],"_links":{"self":[{"href":"https:\/\/witoldgromowski.com\/index.php\/wp-json\/wp\/v2\/pages\/36","targetHints":{"allow":["GET"]}}],"collection":[{"href":"https:\/\/witoldgromowski.com\/index.php\/wp-json\/wp\/v2\/pages"}],"about":[{"href":"https:\/\/witoldgromowski.com\/index.php\/wp-json\/wp\/v2\/types\/page"}],"author":[{"embeddable":true,"href":"https:\/\/witoldgromowski.com\/index.php\/wp-json\/wp\/v2\/users\/1"}],"replies":[{"embeddable":true,"href":"https:\/\/witoldgromowski.com\/index.php\/wp-json\/wp\/v2\/comments?post=36"}],"version-history":[{"count":18,"href":"https:\/\/witoldgromowski.com\/index.php\/wp-json\/wp\/v2\/pages\/36\/revisions"}],"predecessor-version":[{"id":1961,"href":"https:\/\/witoldgromowski.com\/index.php\/wp-json\/wp\/v2\/pages\/36\/revisions\/1961"}],"wp:attachment":[{"href":"https:\/\/witoldgromowski.com\/index.php\/wp-json\/wp\/v2\/media?parent=36"}],"curies":[{"name":"wp","href":"https:\/\/api.w.org\/{rel}","templated":true}]}}