{"id":52,"date":"2015-10-01T22:30:02","date_gmt":"2015-10-01T22:30:02","guid":{"rendered":"http:\/\/witoldgromowski.com\/?page_id=52"},"modified":"2017-11-22T10:26:19","modified_gmt":"2017-11-22T10:26:19","slug":"dzieci_wczesnoszkolne","status":"publish","type":"page","link":"https:\/\/witoldgromowski.com\/index.php\/dzieci_wczesnoszkolne\/","title":{"rendered":"Dzieci wczesnoszkolne"},"content":{"rendered":"<p><strong>Dzieci wczesnoszkolne<\/strong>, czyli od uko\u0144czonego <strong>si\u00f3dmego<\/strong>, a\u017c do <strong>dziewi\u0105tego<\/strong> roku \u017cycia.<\/p>\n<p>Jest to grupa przej\u015bciowa pomi\u0119dzy przedszkoln\u0105 &#8220;akademi\u0105 ruchu&#8221;, a grup\u0105 szkoln\u0105. Trening podzielony jest mniej wi\u0119cej po po\u0142owie na zabaw\u0119 i nauk\u0119 zasad oraz technik <strong>Taekwon-do<\/strong>. Obci\u0105\u017cenia fizyczne s\u0105 wi\u0119ksze ni\u017c w grupie przedszkolnej. Ponadto adepci poznaj\u0105 fundamentalne zasady Taekwon-do, tj.<a href=\"http:\/\/witoldgromowski.com\/wp-content\/wp-content\/uploads\/2015\/10\/dzieci_wczzesnoszkolne-e1472502588635.jpg\"><img loading=\"lazy\" decoding=\"async\" class=\"alignright wp-image-876 size-full\" title=\"Taekwondo Gromowski zaj\u0119cia sportowe dla dzieci Toru\u0144\" src=\"http:\/\/witoldgromowski.com\/wp-content\/uploads\/2015\/10\/dzieci_wczzesnoszkolne-e1472502588635.jpg\" alt=\"Taekwondo Gromowski zaj\u0119cia sportowe dla dzieci Toru\u0144\" width=\"400\" height=\"300\" \/><\/a><\/p>\n<ul>\n<li>grzeczno\u015b\u0107, uprzejmo\u015b\u0107 (<em>Ye Ui<\/em>),<\/li>\n<li>rzetelno\u015b\u0107, uczciwo\u015b\u0107 (<em>Yom Chi<\/em>),<\/li>\n<li>wytrwa\u0142o\u015b\u0107 (<em>In Nae<\/em>),<\/li>\n<li>samokontrol\u0119, opanowanie (<em>Guk Gi<\/em>),<\/li>\n<li><span lang=\"pl-PL\">nieugi\u0119tego ducha, odwag\u0119 (<\/span><em>Baekjul Boolgool<\/em><span lang=\"pl-PL\">).<\/span><\/li>\n<\/ul>\n<p><span lang=\"pl-PL\">Podczas treningu dzieci <\/span><span lang=\"pl-PL\"><span lang=\"pl-PL\"><strong>podnosz\u0105<\/strong> znacznie swoj\u0105 <strong>sprawno\u015b\u0107 psychofizyczn\u0105\u00a0<\/strong>dzi\u0119ki wype\u0142nianiu r\u00f3\u017cnorakich wielowymiarowych zada\u0144 treningowych.<\/span><\/span><\/p>\n<p>&nbsp;<\/p>\n","protected":false},"excerpt":{"rendered":"<p>Dzieci wczesnoszkolne, czyli od uko\u0144czonego si\u00f3dmego, a\u017c do dziewi\u0105tego roku \u017cycia. Jest to grupa przej\u015bciowa pomi\u0119dzy przedszkoln\u0105 &#8220;akademi\u0105 ruchu&#8221;, a grup\u0105 szkoln\u0105. Trening podzielony jest mniej wi\u0119cej po po\u0142owie na zabaw\u0119 i nauk\u0119 zasad oraz technik Taekwon-do. Obci\u0105\u017cenia fizyczne s\u0105 wi\u0119ksze ni\u017c w grupie przedszkolnej. Ponadto adepci poznaj\u0105 fundamentalne zasady Taekwon-do, tj. grzeczno\u015b\u0107, uprzejmo\u015b\u0107 (Ye &hellip; <\/p>\n<p class=\"link-more\"><a href=\"https:\/\/witoldgromowski.com\/index.php\/dzieci_wczesnoszkolne\/\" class=\"more-link\">Czytaj dalej<span class=\"screen-reader-text\"> Dzieci wczesnoszkolne<\/span><\/a><\/p>\n","protected":false},"author":1,"featured_media":0,"parent":0,"menu_order":0,"comment_status":"closed","ping_status":"closed","template":"template-fullwidth.php","meta":{"footnotes":""},"class_list":["post-52","page","type-page","status-publish","hentry"],"_links":{"self":[{"href":"https:\/\/witoldgromowski.com\/index.php\/wp-json\/wp\/v2\/pages\/52","targetHints":{"allow":["GET"]}}],"collection":[{"href":"https:\/\/witoldgromowski.com\/index.php\/wp-json\/wp\/v2\/pages"}],"about":[{"href":"https:\/\/witoldgromowski.com\/index.php\/wp-json\/wp\/v2\/types\/page"}],"author":[{"embeddable":true,"href":"https:\/\/witoldgromowski.com\/index.php\/wp-json\/wp\/v2\/users\/1"}],"replies":[{"embeddable":true,"href":"https:\/\/witoldgromowski.com\/index.php\/wp-json\/wp\/v2\/comments?post=52"}],"version-history":[{"count":8,"href":"https:\/\/witoldgromowski.com\/index.php\/wp-json\/wp\/v2\/pages\/52\/revisions"}],"predecessor-version":[{"id":1228,"href":"https:\/\/witoldgromowski.com\/index.php\/wp-json\/wp\/v2\/pages\/52\/revisions\/1228"}],"wp:attachment":[{"href":"https:\/\/witoldgromowski.com\/index.php\/wp-json\/wp\/v2\/media?parent=52"}],"curies":[{"name":"wp","href":"https:\/\/api.w.org\/{rel}","templated":true}]}}