{"id":56,"date":"2015-10-01T22:30:54","date_gmt":"2015-10-01T22:30:54","guid":{"rendered":"http:\/\/witoldgromowski.com\/?page_id=56"},"modified":"2017-11-22T11:31:55","modified_gmt":"2017-11-22T11:31:55","slug":"mlodziez_dorosli","status":"publish","type":"page","link":"https:\/\/witoldgromowski.com\/index.php\/mlodziez_dorosli\/","title":{"rendered":"M\u0142odzie\u017c i doro\u015bli"},"content":{"rendered":"<p>Taekwondo Gromowski &#8211; m\u0142odzie\u017c i doro\u015bli &#8211; Sztuki Walki<\/p>\n<p>Grupy m\u0142odzie\u017cowe oraz doros\u0142e s\u0105 po\u0142\u0105czone w jedn\u0105. Wi\u0105\u017ce si\u0119 to bezpo\u015brednio z<br \/>\ndu\u017cymi mo\u017cliwo\u015bciami fizycznymi m\u0142odzie\u017cy od <strong>trzynastego<\/strong> roku \u017cycia, a tak\u017ce<br \/>\nz jej percepcj\u0105 i ogromn\u0105 umiej\u0119tno\u015bci<a href=\"http:\/\/witoldgromowski.com\/wp-content\/uploads\/2015\/10\/Taekwondo-m\u0142odzie\u017c-i-doro\u015bli-e1472512802636.jpg\"><img loading=\"lazy\" decoding=\"async\" class=\"alignright wp-image-908 size-full\" title=\"Taekwondo Gromowski - m\u0142odzie\u017c i doro\u015bli - Sztuki Walki\" src=\"http:\/\/witoldgromowski.com\/wp-content\/uploads\/2015\/10\/Taekwondo-m\u0142odzie\u017c-i-doro\u015bli-e1472512802636.jpg\" alt=\"Taekwondo Gromowski - m\u0142odzie\u017c i doro\u015bli - Sztuki Walki\" width=\"400\" height=\"533\" \/><\/a>\u0105 przyswajania wiedzy.<\/p>\n<p>Treningi w tej grupie wiekowej to sztuka i sport walki w pe\u0142nym znaczeniu, s\u0105 tak\u017ce najd\u0142u\u017csze i zazwyczaj wyczerpuj\u0105ce. W\u015br\u00f3d wielu element\u00f3w znajduje si\u0119 tak\u017ce trening walki sportowej (we w\u0142asnym sprz\u0119cie), trening element\u00f3w skutecznej samoobrony, trening na r\u00f3\u017cnych przyrz\u0105dach, etc. Du\u017c\u0105 cz\u0119\u015b\u0107 stanowi\u0105 \u0107wiczenia og\u00f3lnousprawniaj\u0105ce, poprawiaj\u0105ce kondycj\u0119 i wydolno\u015b\u0107.<\/p>\n<p>Taekwon-do nie jest tylko systemem samoobrony, ale przede wszystkim sztuk\u0105 walki, <strong>sposobem na \u017cycie<\/strong>. Warto zainwestowa\u0107 w siebie ju\u017c dzi\u015b, niezale\u017cnie od wieku!<\/p>\n<h4>Zdrowotne efekty Teakwon-do<\/h4>\n<p><strong>M\u00f3zg &#8211;<\/strong> Poprawia ukrwienie, procesy koncentracji, uwagi oraz funkcje intelektualne.<br \/>\n<strong>P\u0142uca &#8211;<\/strong> Lepsze wykorzystanie pojemno\u015bci p\u0142uc. Wzmocnienie mi\u0119\u015bni oddechowych. Sprawniejsze oczyszczanie oskrzeli.<br \/>\n<strong>Przew\u00f3d pokarmowy &#8211;<\/strong> Lepsze trawienie. Normalizacja apetytu. Mniej problem\u00f3w z zaparciem.<br \/>\n<strong>Sk\u00f3ra &#8211;<\/strong> Lepsze ukrwienie. Op\u00f3\u017anienie proces\u00f3w starzenia sk\u00f3ry. M\u0142odszy wygl\u0105d. D\u0142ugotrwa\u0142y, umiarkowany wysi\u0142ek fizyczny sprzyja pozbyciu si\u0119 nadmiaru tkanki t\u0142uszczowej.<br \/>\n<strong>Stawy &#8211;<\/strong> Wi\u0119kszy zakres ruch\u00f3w. Wi\u0119ksza odporno\u015b\u0107 na urazy. Poprawienie kr\u0105\u017cenia krwi i limfy. Przeciwdzia\u0142anie powstaniu zmian mia\u017cd\u017cycowych. Normalizacja ci\u015bnienia krwi.<br \/>\n<strong>Serce &#8211;<\/strong> Wytrenowane serce przy tym samym wysi\u0142ku mniej si\u0119 m\u0119czy i pracuje bardziej ekonomicznie. Wytrenowane serce ma znacznie wi\u0119ksze mo\u017cliwo\u015bci rezerwowe.<br \/>\n<strong>Krew &#8211; <\/strong>Dostarcza wi\u0119cej tlenu do tkanek. Lepsza eliminacja zb\u0119dnych produkt\u00f3w przemiany materii. Poprawa sk\u0142adu lipid\u00f3w &#8211; mniej &#8220;z\u0142ego&#8221;, wi\u0119cej &#8220;dobrego&#8221; cholesterolu. Lepsza regulacja poziomu cukru we krwi.<br \/>\n<strong>Mi\u0119\u015bnie &#8211;<\/strong> Lepsza wytrzyma\u0142o\u015b\u0107 i wi\u0119ksza si\u0142a. Mo\u017cliwo\u015b\u0107 d\u0142u\u017cszej pracy bez zm\u0119czenia. Prawid\u0142owy stan napi\u0119cia, dzi\u0119ki czemu sylwetka staje si\u0119 spr\u0119\u017cysta.<br \/>\n<strong>System nerwowy &#8211;<\/strong> Lepsza koordynacja ruchowa. Szybszy refleks.<br \/>\n<strong>Ko\u015bci<\/strong> &#8211; Elastyczniejsze. Mniej podatne na odwapnienie (r\u00f3wnie\u017c u starszych). Bardziej odporne na z\u0142amania.<\/p>\n","protected":false},"excerpt":{"rendered":"<p>Taekwondo Gromowski &#8211; m\u0142odzie\u017c i doro\u015bli &#8211; Sztuki Walki Grupy m\u0142odzie\u017cowe oraz doros\u0142e s\u0105 po\u0142\u0105czone w jedn\u0105. Wi\u0105\u017ce si\u0119 to bezpo\u015brednio z du\u017cymi mo\u017cliwo\u015bciami fizycznymi m\u0142odzie\u017cy od trzynastego roku \u017cycia, a tak\u017ce z jej percepcj\u0105 i ogromn\u0105 umiej\u0119tno\u015bci\u0105 przyswajania wiedzy. Treningi w tej grupie wiekowej to sztuka i sport walki w pe\u0142nym znaczeniu, s\u0105 tak\u017ce &hellip; <\/p>\n<p class=\"link-more\"><a href=\"https:\/\/witoldgromowski.com\/index.php\/mlodziez_dorosli\/\" class=\"more-link\">Czytaj dalej<span class=\"screen-reader-text\"> M\u0142odzie\u017c i doro\u015bli<\/span><\/a><\/p>\n","protected":false},"author":1,"featured_media":0,"parent":0,"menu_order":0,"comment_status":"closed","ping_status":"closed","template":"template-fullwidth.php","meta":{"footnotes":""},"class_list":["post-56","page","type-page","status-publish","hentry"],"_links":{"self":[{"href":"https:\/\/witoldgromowski.com\/index.php\/wp-json\/wp\/v2\/pages\/56","targetHints":{"allow":["GET"]}}],"collection":[{"href":"https:\/\/witoldgromowski.com\/index.php\/wp-json\/wp\/v2\/pages"}],"about":[{"href":"https:\/\/witoldgromowski.com\/index.php\/wp-json\/wp\/v2\/types\/page"}],"author":[{"embeddable":true,"href":"https:\/\/witoldgromowski.com\/index.php\/wp-json\/wp\/v2\/users\/1"}],"replies":[{"embeddable":true,"href":"https:\/\/witoldgromowski.com\/index.php\/wp-json\/wp\/v2\/comments?post=56"}],"version-history":[{"count":6,"href":"https:\/\/witoldgromowski.com\/index.php\/wp-json\/wp\/v2\/pages\/56\/revisions"}],"predecessor-version":[{"id":1251,"href":"https:\/\/witoldgromowski.com\/index.php\/wp-json\/wp\/v2\/pages\/56\/revisions\/1251"}],"wp:attachment":[{"href":"https:\/\/witoldgromowski.com\/index.php\/wp-json\/wp\/v2\/media?parent=56"}],"curies":[{"name":"wp","href":"https:\/\/api.w.org\/{rel}","templated":true}]}}