{"id":58,"date":"2015-10-01T22:31:29","date_gmt":"2015-10-01T22:31:29","guid":{"rendered":"http:\/\/witoldgromowski.com\/?page_id=58"},"modified":"2017-11-22T11:39:45","modified_gmt":"2017-11-22T11:39:45","slug":"pierwszy-trening","status":"publish","type":"page","link":"https:\/\/witoldgromowski.com\/index.php\/pierwszy-trening\/","title":{"rendered":"Pierwszy trening"},"content":{"rendered":"<p><strong>Pierwszy Trening &#8211; Taekwondo Gromowski zaj\u0119cia dla dzieci i doros\u0142ych<\/strong><\/p>\n<p>Pierwszy trening dla nowych os\u00f3b jest <strong>bezp\u0142atny<\/strong>. Pami\u0119taj o tym, \u017ceby zabra\u0107 ze sob\u0105 d\u0142ugie spodnie dresowe, jasn\u0105 koszulk\u0119 (t-shirt), klapki oraz ma\u0142\u0105 buteleczk\u0119 <strong>niegazowanej<\/strong> wody mineralnej.<\/p>\n<p><span class=\"inne6\">Dopiero po tych zaj\u0119ciach podejmiesz decyzj\u0119 czy zostajesz na d\u0142u\u017cej czy te\u017c nie.<br \/>\nZasada ta dotyczy wszystkich grup.<\/p>\n<p>Pami\u0119taj, \u017ce nawet najlepsi kiedy\u015b zaczynali. Nie jest istotne w jakiej jeste\u015b kondycji i ile masz lat. Do ka\u017cdego \u0107wicz\u0105cego podchodzimy w indywidualny spos\u00f3b. Przyjd\u017a i sprawd\u017a to nic nie kosztuje a mo\u017ce odnajdziesz swoj\u0105 \u017cyciow\u0105 pasj\u0119.<\/p>\n<p>Je\u015bli masz jakie\u015b pytania nie wahaj si\u0119 i <a href=\"http:\/\/witoldgromowski.com\/index.php\/kontakt\/\">zadzwo\u0144 b\u0105d\u017a napisz<\/a>, z ch\u0119ci\u0105 odpowiemy na wszystkie pytania.<br \/>\n<\/span><\/p>\n","protected":false},"excerpt":{"rendered":"<p>Pierwszy Trening &#8211; Taekwondo Gromowski zaj\u0119cia dla dzieci i doros\u0142ych Pierwszy trening dla nowych os\u00f3b jest bezp\u0142atny. Pami\u0119taj o tym, \u017ceby zabra\u0107 ze sob\u0105 d\u0142ugie spodnie dresowe, jasn\u0105 koszulk\u0119 (t-shirt), klapki oraz ma\u0142\u0105 buteleczk\u0119 niegazowanej wody mineralnej. Dopiero po tych zaj\u0119ciach podejmiesz decyzj\u0119 czy zostajesz na d\u0142u\u017cej czy te\u017c nie. Zasada ta dotyczy wszystkich grup. &hellip; <\/p>\n<p class=\"link-more\"><a href=\"https:\/\/witoldgromowski.com\/index.php\/pierwszy-trening\/\" class=\"more-link\">Czytaj dalej<span class=\"screen-reader-text\"> Pierwszy trening<\/span><\/a><\/p>\n","protected":false},"author":1,"featured_media":0,"parent":0,"menu_order":0,"comment_status":"closed","ping_status":"closed","template":"template-fullwidth.php","meta":{"footnotes":""},"class_list":["post-58","page","type-page","status-publish","hentry"],"_links":{"self":[{"href":"https:\/\/witoldgromowski.com\/index.php\/wp-json\/wp\/v2\/pages\/58","targetHints":{"allow":["GET"]}}],"collection":[{"href":"https:\/\/witoldgromowski.com\/index.php\/wp-json\/wp\/v2\/pages"}],"about":[{"href":"https:\/\/witoldgromowski.com\/index.php\/wp-json\/wp\/v2\/types\/page"}],"author":[{"embeddable":true,"href":"https:\/\/witoldgromowski.com\/index.php\/wp-json\/wp\/v2\/users\/1"}],"replies":[{"embeddable":true,"href":"https:\/\/witoldgromowski.com\/index.php\/wp-json\/wp\/v2\/comments?post=58"}],"version-history":[{"count":4,"href":"https:\/\/witoldgromowski.com\/index.php\/wp-json\/wp\/v2\/pages\/58\/revisions"}],"predecessor-version":[{"id":1256,"href":"https:\/\/witoldgromowski.com\/index.php\/wp-json\/wp\/v2\/pages\/58\/revisions\/1256"}],"wp:attachment":[{"href":"https:\/\/witoldgromowski.com\/index.php\/wp-json\/wp\/v2\/media?parent=58"}],"curies":[{"name":"wp","href":"https:\/\/api.w.org\/{rel}","templated":true}]}}