{"id":73,"date":"2015-10-01T22:50:41","date_gmt":"2015-10-01T22:50:41","guid":{"rendered":"http:\/\/witoldgromowski.com\/?page_id=73"},"modified":"2020-08-24T11:44:26","modified_gmt":"2020-08-24T11:44:26","slug":"damian_gromowski_torun_taekwondo","status":"publish","type":"page","link":"https:\/\/witoldgromowski.com\/index.php\/damian_gromowski_torun_taekwondo\/","title":{"rendered":"Damian Gromowski 5. Dan"},"content":{"rendered":"<p><a href=\"http:\/\/witoldgromowski.com\/wp-content\/uploads\/2015\/10\/damian-gromowski-4-dan.jpg\"><img loading=\"lazy\" decoding=\"async\" class=\"alignleft wp-image-74 size-full\" title=\"Damian Gromowski Taekwondo Toru\u0144 - Bielany, Toru\u0144 -Wrzosy, Che\u0142m\u017ca\" src=\"http:\/\/witoldgromowski.com\/wp-content\/uploads\/2015\/10\/damian-gromowski-4-dan.jpg\" alt=\"Damian Gromowski Taekwondo Toru\u0144 - Bielany, Toru\u0144 -Wrzosy, Che\u0142m\u017ca\" width=\"429\" height=\"600\" srcset=\"https:\/\/witoldgromowski.com\/wp-content\/uploads\/2015\/10\/damian-gromowski-4-dan.jpg 429w, https:\/\/witoldgromowski.com\/wp-content\/uploads\/2015\/10\/damian-gromowski-4-dan-215x300.jpg 215w\" sizes=\"auto, (max-width: 429px) 100vw, 429px\" \/><\/a><span id=\"fbPhotoSnowliftCaption\" class=\"fbPhotosPhotoCaption\" data-ft=\"{&quot;tn&quot;:&quot;K&quot;}\"><span class=\"hasCaption\"><strong>Damian Gromowski<\/strong><br \/>\nTaekwondo Toru\u0144 &#8211; Bielany, Toru\u0144 -Wrzosy, Che\u0142m\u017ca<\/span><\/span><\/p>\n<p>Urodzony w 1992r. w Dzia\u0142dowie. Jest starszym z dw\u00f3jki trenuj\u0105cych syn\u00f3w Witolda Gromowskiego 7 Dan. Maj\u0105c ju\u017c niespe\u0142na pi\u0119\u0107 lat rozpocz\u0105\u0142 treningi pod okiem ojca zdobywaj\u0105c w 2003 roku sw\u00f3j pierwszy stopie\u0144 mistrzowski. W roku 2002 zosta\u0142 V-ce mistrzem europy w walkach&nbsp; a w 2006 mistrzem Europy junior\u00f3w m\u0142odszych w uk\u0142adach (Tul) w szwajcarskim Davos, ponadto zdobywa\u0142 trofea na pucharze europy otwartych mistrzostwach Polski oraz Czech. Przez szereg lat zdobywa wielo<span class=\"text_exposed_show\">krotnie tytu\u0142y Mistrza Polski w uk\u0142adach oraz walkach. Do roku 2011 kilkukrotnie wygrywa lub staje w czo\u0142\u00f3wce plebiscytu na najlepszego sportowca. Dwukrotnie otrzymuj\u0119 &#8220;Taekwondok\u0119&#8221; czyli nagrod\u0119 \u015brodowiskow\u0105 PFT. W trakcie kariery zwodniczej startuje w zawodach szeregu organizacji&nbsp; Taekwon-do oraz zdaje egzaminy na stopnie Mistrzowskie w PFT, TI, ITF,&nbsp; oraz uczniowski w olimpijskiej odmianie Taekwondo.<\/span><\/p>\n<p>W roku 2011 w rozpoczyna studia na Uniwersytecie Miko\u0142aja Kopernika &#8211; kierunki Chemia oraz Chemia i Technologia \u017bywno\u015bci. W trakcie studi\u00f3w pierwszego stopnia trenuje u Kamili Szustak 2 dan. W roku 2014 otwiera w\u0142asn\u0105 sekcj\u0119 w Toruniu (Bielany). W kolejnych etapach zak\u0142ada sekcj\u0119 w Che\u0142m\u017cy, Toruniu (Wrzosy). W\u0105brze\u017anie, Golubiu-Dobrzyniu oraz \u0141ysomicach.<br \/>\n<span class=\"text_exposed_show\"><br \/>\nSwoje dzia\u0142ania pr<\/span><span class=\"text_exposed_show\">owadzi na szerokiej p\u0142aszczy\u017anie skupiaj\u0105c si\u0119 zar\u00f3wno na zaj\u0119ciach Akademii Ruchu dla dzieci w wieku przedszkolnym jak i szkol\u0105c cz\u0142onk\u00f3w kadry narodowej w Taekwon-do. Jego zawodnicy to zdobywcy medali Mistrostw Polski, Europy oraz \u015awiata.<br \/>\n<\/span><\/p>\n<p>Prywatnie pasjonuje si\u0119 Taekwon-do w szerokim tego s\u0142owa znaczeniu, fan skok\u00f3w narciarskich.<\/p>\n","protected":false},"excerpt":{"rendered":"<p>Damian Gromowski Taekwondo Toru\u0144 &#8211; Bielany, Toru\u0144 -Wrzosy, Che\u0142m\u017ca Urodzony w 1992r. w Dzia\u0142dowie. Jest starszym z dw\u00f3jki trenuj\u0105cych syn\u00f3w Witolda Gromowskiego 7 Dan. Maj\u0105c ju\u017c niespe\u0142na pi\u0119\u0107 lat rozpocz\u0105\u0142 treningi pod okiem ojca zdobywaj\u0105c w 2003 roku sw\u00f3j pierwszy stopie\u0144 mistrzowski. W roku 2002 zosta\u0142 V-ce mistrzem europy w walkach&nbsp; a w 2006 mistrzem &hellip; <\/p>\n<p class=\"link-more\"><a href=\"https:\/\/witoldgromowski.com\/index.php\/damian_gromowski_torun_taekwondo\/\" class=\"more-link\">Czytaj dalej<span class=\"screen-reader-text\"> Damian Gromowski 5. Dan<\/span><\/a><\/p>\n","protected":false},"author":1,"featured_media":0,"parent":0,"menu_order":0,"comment_status":"closed","ping_status":"closed","template":"template-fullwidth.php","meta":{"footnotes":""},"class_list":["post-73","page","type-page","status-publish","hentry"],"_links":{"self":[{"href":"https:\/\/witoldgromowski.com\/index.php\/wp-json\/wp\/v2\/pages\/73","targetHints":{"allow":["GET"]}}],"collection":[{"href":"https:\/\/witoldgromowski.com\/index.php\/wp-json\/wp\/v2\/pages"}],"about":[{"href":"https:\/\/witoldgromowski.com\/index.php\/wp-json\/wp\/v2\/types\/page"}],"author":[{"embeddable":true,"href":"https:\/\/witoldgromowski.com\/index.php\/wp-json\/wp\/v2\/users\/1"}],"replies":[{"embeddable":true,"href":"https:\/\/witoldgromowski.com\/index.php\/wp-json\/wp\/v2\/comments?post=73"}],"version-history":[{"count":10,"href":"https:\/\/witoldgromowski.com\/index.php\/wp-json\/wp\/v2\/pages\/73\/revisions"}],"predecessor-version":[{"id":1598,"href":"https:\/\/witoldgromowski.com\/index.php\/wp-json\/wp\/v2\/pages\/73\/revisions\/1598"}],"wp:attachment":[{"href":"https:\/\/witoldgromowski.com\/index.php\/wp-json\/wp\/v2\/media?parent=73"}],"curies":[{"name":"wp","href":"https:\/\/api.w.org\/{rel}","templated":true}]}}